{"id":88,"date":"2024-11-18T08:24:01","date_gmt":"2024-11-18T08:24:01","guid":{"rendered":"http:\/\/localhost\/fhf\/?page_id=88"},"modified":"2025-01-08T13:00:19","modified_gmt":"2025-01-08T13:00:19","slug":"video","status":"publish","type":"page","link":"https:\/\/fhf.edu.al\/en\/newsroom\/video\/","title":{"rendered":"Video"},"content":{"rendered":"<p><iframe loading=\"lazy\" title=\"Fakulteti i Historis\u00eb dhe i Filologjis\u00eb uron fest\u00ebn e 7 Marsit\" width=\"500\" height=\"281\" src=\"https:\/\/www.youtube.com\/embed\/_Mc14BRIgTY?feature=oembed\" frameborder=\"0\" allow=\"accelerometer; autoplay; clipboard-write; encrypted-media; gyroscope; picture-in-picture; web-share\" referrerpolicy=\"strict-origin-when-cross-origin\" allowfullscreen><\/iframe><\/p>\n<p><iframe loading=\"lazy\" title=\"Ceremonia e diplomimitTiran\u00eb,  6 Qershor 2023\" width=\"500\" height=\"281\" src=\"https:\/\/www.youtube.com\/embed\/I059Smrelq8?feature=oembed\" frameborder=\"0\" allow=\"accelerometer; autoplay; clipboard-write; encrypted-media; gyroscope; picture-in-picture; web-share\" referrerpolicy=\"strict-origin-when-cross-origin\" allowfullscreen><\/iframe><\/p>\n<p><iframe loading=\"lazy\" title=\"Video fituese e studentes Fatlinda Kadiu n\u00eb konkursin \u201cLigatinat, r\u00ebnd\u00ebsia dhe vlerat mjedisore\u201d\" width=\"500\" height=\"281\" src=\"https:\/\/www.youtube.com\/embed\/Jnz5x24hN-U?feature=oembed\" frameborder=\"0\" allow=\"accelerometer; autoplay; clipboard-write; encrypted-media; gyroscope; picture-in-picture; web-share\" referrerpolicy=\"strict-origin-when-cross-origin\" allowfullscreen><\/iframe><\/p>\n<p><iframe loading=\"lazy\" title=\"Shkolla verore e Gjuh\u00ebs, Historis\u00eb dhe Civilizimit Bizantin\" width=\"500\" height=\"281\" src=\"https:\/\/www.youtube.com\/embed\/BylWIMzLDpw?feature=oembed\" frameborder=\"0\" allow=\"accelerometer; autoplay; clipboard-write; encrypted-media; gyroscope; picture-in-picture; web-share\" referrerpolicy=\"strict-origin-when-cross-origin\" allowfullscreen><\/iframe><\/p>\n<p><iframe loading=\"lazy\" title=\"\u201c10 vjet Klubi i Dram\u00ebs\u201d n\u00eb kujtimet e Alumni-t\" width=\"500\" height=\"281\" src=\"https:\/\/www.youtube.com\/embed\/Q78TfzHgBdc?feature=oembed\" frameborder=\"0\" allow=\"accelerometer; autoplay; clipboard-write; encrypted-media; gyroscope; picture-in-picture; web-share\" referrerpolicy=\"strict-origin-when-cross-origin\" allowfullscreen><\/iframe><\/p>\n<p><iframe loading=\"lazy\" title=\"10 vjet Klubi i Drames\" width=\"500\" height=\"281\" src=\"https:\/\/www.youtube.com\/embed\/Foc-LX4pmA8?feature=oembed\" frameborder=\"0\" allow=\"accelerometer; autoplay; clipboard-write; encrypted-media; gyroscope; picture-in-picture; web-share\" referrerpolicy=\"strict-origin-when-cross-origin\" allowfullscreen><\/iframe><\/p>\n<p><iframe loading=\"lazy\" title=\"Mesazh urimi per festat e fundvitit 2021\" width=\"500\" height=\"281\" src=\"https:\/\/www.youtube.com\/embed\/0oLiz5-lPXc?feature=oembed\" frameborder=\"0\" allow=\"accelerometer; autoplay; clipboard-write; encrypted-media; gyroscope; picture-in-picture; web-share\" referrerpolicy=\"strict-origin-when-cross-origin\" allowfullscreen><\/iframe><\/p>\n<p><iframe loading=\"lazy\" title=\"Forumi Studentor II &quot;Aktivizmi Rinor dhe Demokracia&quot;\" width=\"500\" height=\"281\" src=\"https:\/\/www.youtube.com\/embed\/vWcMv3wfPXI?feature=oembed\" frameborder=\"0\" allow=\"accelerometer; autoplay; clipboard-write; encrypted-media; gyroscope; picture-in-picture; web-share\" referrerpolicy=\"strict-origin-when-cross-origin\" allowfullscreen><\/iframe><\/p>\n<p><iframe loading=\"lazy\" title=\"Prof. Dr. Artan Hoxha p\u00ebr fillimin e vitit t\u00eb ri akademik 2021-2022\" width=\"500\" height=\"281\" src=\"https:\/\/www.youtube.com\/embed\/CgXS6seNiho?feature=oembed\" frameborder=\"0\" allow=\"accelerometer; autoplay; clipboard-write; encrypted-media; gyroscope; picture-in-picture; web-share\" referrerpolicy=\"strict-origin-when-cross-origin\" allowfullscreen><\/iframe><\/p>\n<p><iframe loading=\"lazy\" title=\"Departamenti i Gazetaris\u00eb: Praktika e student\u00ebve n\u00eb RTSH\" width=\"500\" height=\"281\" src=\"https:\/\/www.youtube.com\/embed\/wofYSBBbZv8?feature=oembed\" frameborder=\"0\" allow=\"accelerometer; autoplay; clipboard-write; encrypted-media; gyroscope; picture-in-picture; web-share\" referrerpolicy=\"strict-origin-when-cross-origin\" allowfullscreen><\/iframe><\/p>\n<p><iframe loading=\"lazy\" title=\"Forumi studentor \u201cUniversiteti n\u00eb koh\u00ebn e pandemis\u00eb COVID-19\u201d\" width=\"500\" height=\"281\" src=\"https:\/\/www.youtube.com\/embed\/6XXk0HVhEvI?feature=oembed\" frameborder=\"0\" allow=\"accelerometer; autoplay; clipboard-write; encrypted-media; gyroscope; picture-in-picture; web-share\" referrerpolicy=\"strict-origin-when-cross-origin\" allowfullscreen><\/iframe><\/p>\n<p><iframe loading=\"lazy\" title=\"Festivali i krijimit letrar 2021\" width=\"500\" height=\"281\" src=\"https:\/\/www.youtube.com\/embed\/iI6NE-Li76A?feature=oembed\" frameborder=\"0\" allow=\"accelerometer; autoplay; clipboard-write; encrypted-media; gyroscope; picture-in-picture; web-share\" referrerpolicy=\"strict-origin-when-cross-origin\" allowfullscreen><\/iframe><\/p>\n<p><iframe loading=\"lazy\" title=\"Videomesazh i Departamentit t\u00eb Arkeologjis\u00eb dhe Trash\u00ebgimis\u00eb Kulturore\" width=\"500\" height=\"281\" src=\"https:\/\/www.youtube.com\/embed\/JRCfKsdJ4TY?feature=oembed\" frameborder=\"0\" allow=\"accelerometer; autoplay; clipboard-write; encrypted-media; gyroscope; picture-in-picture; web-share\" referrerpolicy=\"strict-origin-when-cross-origin\" allowfullscreen><\/iframe><\/p>\n<p><iframe loading=\"lazy\" title=\"Videomesazh i Departamentit t\u00eb Gjuh\u00ebs\" width=\"500\" height=\"281\" src=\"https:\/\/www.youtube.com\/embed\/BYCVEET7ZsU?feature=oembed\" frameborder=\"0\" allow=\"accelerometer; autoplay; clipboard-write; encrypted-media; gyroscope; picture-in-picture; web-share\" referrerpolicy=\"strict-origin-when-cross-origin\" allowfullscreen><\/iframe><\/p>\n<p><iframe loading=\"lazy\" title=\"Videomesazh i Departamentit t\u00eb Gjeografis\u00eb\" width=\"500\" height=\"281\" src=\"https:\/\/www.youtube.com\/embed\/IB7csfEJLOQ?feature=oembed\" frameborder=\"0\" allow=\"accelerometer; autoplay; clipboard-write; encrypted-media; gyroscope; picture-in-picture; web-share\" referrerpolicy=\"strict-origin-when-cross-origin\" allowfullscreen><\/iframe><\/p>\n<p><iframe loading=\"lazy\" title=\"Videomesazh i Departamentit t\u00eb Let\u00ebrsis\u00eb\" width=\"500\" height=\"281\" src=\"https:\/\/www.youtube.com\/embed\/BjRodIMdt4I?feature=oembed\" frameborder=\"0\" allow=\"accelerometer; autoplay; clipboard-write; encrypted-media; gyroscope; picture-in-picture; web-share\" referrerpolicy=\"strict-origin-when-cross-origin\" allowfullscreen><\/iframe><\/p>\n<p><iframe loading=\"lazy\" title=\"Videomesazh i Dekanit FHF, Prof. dr. Sabri La\u00e7i\" width=\"500\" height=\"281\" src=\"https:\/\/www.youtube.com\/embed\/Wo0z18QnRLY?feature=oembed\" frameborder=\"0\" allow=\"accelerometer; autoplay; clipboard-write; encrypted-media; gyroscope; picture-in-picture; web-share\" referrerpolicy=\"strict-origin-when-cross-origin\" allowfullscreen><\/iframe><\/p>\n<p><iframe loading=\"lazy\" title=\"Videomesazh i Departamentit t\u00eb Historis\u00eb, Fakulteti i Historis\u00eb dhe i Filologjis\u00eb, UT\" width=\"500\" height=\"281\" src=\"https:\/\/www.youtube.com\/embed\/z0gq8aZgXoE?feature=oembed\" frameborder=\"0\" allow=\"accelerometer; autoplay; clipboard-write; encrypted-media; gyroscope; picture-in-picture; web-share\" referrerpolicy=\"strict-origin-when-cross-origin\" allowfullscreen><\/iframe><\/p>\n<p><iframe loading=\"lazy\" title=\"Shqip\u00ebria: Marr\u00ebdh\u00ebniet e saj me Lidhjen e Kombeve dhe Organizat\u00ebn e Kombeve t\u00eb Bashkuara\" width=\"500\" height=\"281\" src=\"https:\/\/www.youtube.com\/embed\/UbLRud1oChw?feature=oembed\" frameborder=\"0\" allow=\"accelerometer; autoplay; clipboard-write; encrypted-media; gyroscope; picture-in-picture; web-share\" referrerpolicy=\"strict-origin-when-cross-origin\" allowfullscreen><\/iframe><\/p>\n<p><iframe loading=\"lazy\" title=\"Mesazh i Rektorit UT, Prof. dr. Artan Hoxha\" width=\"500\" height=\"281\" src=\"https:\/\/www.youtube.com\/embed\/H2WLSBPYNFM?feature=oembed\" frameborder=\"0\" allow=\"accelerometer; autoplay; clipboard-write; encrypted-media; gyroscope; picture-in-picture; web-share\" referrerpolicy=\"strict-origin-when-cross-origin\" allowfullscreen><\/iframe><\/p>\n<p><iframe loading=\"lazy\" title=\"Prof. dr. Sabri La\u00e7i - videomesazh per fillimin e vitit te ri akademik 2020\" width=\"500\" height=\"281\" src=\"https:\/\/www.youtube.com\/embed\/PVO16T7Jjac?feature=oembed\" frameborder=\"0\" allow=\"accelerometer; autoplay; clipboard-write; encrypted-media; gyroscope; picture-in-picture; web-share\" referrerpolicy=\"strict-origin-when-cross-origin\" allowfullscreen><\/iframe><\/p>\n<p><iframe loading=\"lazy\" title=\"DEPARTAMENTI I LET\u00cbRSIS\u00cb FHF N\u00cb DIT\u00cbN ND\u00cbRKOMB\u00cbTARE T\u00cb LIBRIT DHE T\u00cb DREJT\u00cbS S\u00cb AUTORIT\" width=\"500\" height=\"281\" src=\"https:\/\/www.youtube.com\/embed\/Aa11FfAEQoI?feature=oembed\" frameborder=\"0\" allow=\"accelerometer; autoplay; clipboard-write; encrypted-media; gyroscope; picture-in-picture; web-share\" referrerpolicy=\"strict-origin-when-cross-origin\" allowfullscreen><\/iframe><\/p>\n<p><iframe loading=\"lazy\" title=\"FESTIVALI I KRIJIMIT LETRAR N\u00cb DIT\u00cbN ND\u00cbRKOMB\u00cbTARE T\u00cb LIBRIT DHE T\u00cb DREJT\u00cbS S\u00cb AUTORIT\" width=\"500\" height=\"281\" src=\"https:\/\/www.youtube.com\/embed\/oqZxW_2nAkA?feature=oembed\" frameborder=\"0\" allow=\"accelerometer; autoplay; clipboard-write; encrypted-media; gyroscope; picture-in-picture; web-share\" referrerpolicy=\"strict-origin-when-cross-origin\" allowfullscreen><\/iframe><\/p>\n<p><iframe loading=\"lazy\" title=\"STUDIME TE STUDENTEVE PER ZEF ZORBEN\" width=\"500\" height=\"281\" src=\"https:\/\/www.youtube.com\/embed\/Iu50XkLulY4?feature=oembed\" frameborder=\"0\" allow=\"accelerometer; autoplay; clipboard-write; encrypted-media; gyroscope; picture-in-picture; web-share\" referrerpolicy=\"strict-origin-when-cross-origin\" allowfullscreen><\/iframe><\/p>\n<p><iframe loading=\"lazy\" title=\"FESTIVALI I KRIJIMIT LETRAR 2017 2019  - BOTIM ONLINE\" width=\"500\" height=\"281\" src=\"https:\/\/www.youtube.com\/embed\/Ra-QwE35KP0?feature=oembed\" frameborder=\"0\" allow=\"accelerometer; autoplay; clipboard-write; encrypted-media; gyroscope; picture-in-picture; web-share\" referrerpolicy=\"strict-origin-when-cross-origin\" allowfullscreen><\/iframe><\/p>\n<p>&nbsp;<\/p>\n<p><iframe loading=\"lazy\" title=\"Shkolla verore  e gjuh\u00ebs, historis\u00eb dhe civilizimit bizantin\" width=\"500\" height=\"281\" src=\"https:\/\/www.youtube.com\/embed\/ciVyqPjmB6Y?feature=oembed\" frameborder=\"0\" allow=\"accelerometer; autoplay; clipboard-write; encrypted-media; gyroscope; picture-in-picture; web-share\" referrerpolicy=\"strict-origin-when-cross-origin\" allowfullscreen><\/iframe><\/p>\n<p><iframe loading=\"lazy\" title=\"Video nga Ceremonia e Diplomimit t\u00eb student\u00ebve 2017-2018\" width=\"500\" height=\"281\" src=\"https:\/\/www.youtube.com\/embed\/8gnP7xrrW3I?feature=oembed\" frameborder=\"0\" allow=\"accelerometer; autoplay; clipboard-write; encrypted-media; gyroscope; picture-in-picture; web-share\" referrerpolicy=\"strict-origin-when-cross-origin\" allowfullscreen><\/iframe><\/p>\n<p><iframe loading=\"lazy\" title=\"Klubi i dram\u00ebs - FHF\" width=\"500\" height=\"281\" src=\"https:\/\/www.youtube.com\/embed\/bnCP57rLyGU?feature=oembed\" frameborder=\"0\" allow=\"accelerometer; autoplay; clipboard-write; encrypted-media; gyroscope; picture-in-picture; web-share\" referrerpolicy=\"strict-origin-when-cross-origin\" allowfullscreen><\/iframe><\/p>\n<p><iframe loading=\"lazy\" title=\"Eksperienca te studenteve ne programin Erasmus\" width=\"500\" height=\"281\" src=\"https:\/\/www.youtube.com\/embed\/oy0M-lrqpdg?feature=oembed\" frameborder=\"0\" allow=\"accelerometer; autoplay; clipboard-write; encrypted-media; gyroscope; picture-in-picture; web-share\" referrerpolicy=\"strict-origin-when-cross-origin\" allowfullscreen><\/iframe><\/p>\n<p><iframe loading=\"lazy\" title=\"Eksperienca te studenteve ne programin Erasmus\" width=\"500\" height=\"281\" src=\"https:\/\/www.youtube.com\/embed\/q6V01buoSwc?feature=oembed\" frameborder=\"0\" allow=\"accelerometer; autoplay; clipboard-write; encrypted-media; gyroscope; picture-in-picture; web-share\" referrerpolicy=\"strict-origin-when-cross-origin\" allowfullscreen><\/iframe><\/p>\n<p><iframe loading=\"lazy\" title=\"Eksperienca te studenteve ne programin Erasmus\" width=\"500\" height=\"281\" src=\"https:\/\/www.youtube.com\/embed\/5Vh6anbJBOk?feature=oembed\" frameborder=\"0\" allow=\"accelerometer; autoplay; clipboard-write; encrypted-media; gyroscope; picture-in-picture; web-share\" referrerpolicy=\"strict-origin-when-cross-origin\" allowfullscreen><\/iframe><\/p>\n<p><iframe loading=\"lazy\" title=\"Memorie\" width=\"500\" height=\"281\" src=\"https:\/\/www.youtube.com\/embed\/S7q7omPNtfw?feature=oembed\" frameborder=\"0\" allow=\"accelerometer; autoplay; clipboard-write; encrypted-media; gyroscope; picture-in-picture; web-share\" referrerpolicy=\"strict-origin-when-cross-origin\" allowfullscreen><\/iframe><\/p>\n<p><iframe loading=\"lazy\" title=\"Ceremonia e fillimit te vitit akademik 2016-2017\" width=\"500\" height=\"375\" src=\"https:\/\/www.youtube.com\/embed\/UKt05qLOL0c?feature=oembed\" frameborder=\"0\" allow=\"accelerometer; autoplay; clipboard-write; encrypted-media; gyroscope; picture-in-picture; web-share\" referrerpolicy=\"strict-origin-when-cross-origin\" allowfullscreen><\/iframe><\/p>\n<p><iframe loading=\"lazy\" title=\"FHF - Nga fillimi i vitit akademik 2016 - 2017\" width=\"500\" height=\"375\" src=\"https:\/\/www.youtube.com\/embed\/-6yk0R-Vuig?feature=oembed\" frameborder=\"0\" allow=\"accelerometer; autoplay; clipboard-write; encrypted-media; gyroscope; picture-in-picture; web-share\" referrerpolicy=\"strict-origin-when-cross-origin\" allowfullscreen><\/iframe><\/p>\n<p><iframe loading=\"lazy\" title=\"FHF - SHKOLLA VERORE E OSMANISHTES\" width=\"500\" height=\"281\" src=\"https:\/\/www.youtube.com\/embed\/mOVU8yIJTso?feature=oembed\" frameborder=\"0\" allow=\"accelerometer; autoplay; clipboard-write; encrypted-media; gyroscope; picture-in-picture; web-share\" referrerpolicy=\"strict-origin-when-cross-origin\" allowfullscreen><\/iframe><\/p>","protected":false},"excerpt":{"rendered":"<p>&nbsp;<\/p>","protected":false},"author":1,"featured_media":0,"parent":30,"menu_order":0,"comment_status":"closed","ping_status":"closed","template":"pages\/struktura.php","meta":{"footnotes":""},"class_list":["post-88","page","type-page","status-publish","hentry"],"acf":[],"_links":{"self":[{"href":"https:\/\/fhf.edu.al\/en\/wp-json\/wp\/v2\/pages\/88","targetHints":{"allow":["GET"]}}],"collection":[{"href":"https:\/\/fhf.edu.al\/en\/wp-json\/wp\/v2\/pages"}],"about":[{"href":"https:\/\/fhf.edu.al\/en\/wp-json\/wp\/v2\/types\/page"}],"author":[{"embeddable":true,"href":"https:\/\/fhf.edu.al\/en\/wp-json\/wp\/v2\/users\/1"}],"replies":[{"embeddable":true,"href":"https:\/\/fhf.edu.al\/en\/wp-json\/wp\/v2\/comments?post=88"}],"version-history":[{"count":17,"href":"https:\/\/fhf.edu.al\/en\/wp-json\/wp\/v2\/pages\/88\/revisions"}],"predecessor-version":[{"id":1207,"href":"https:\/\/fhf.edu.al\/en\/wp-json\/wp\/v2\/pages\/88\/revisions\/1207"}],"up":[{"embeddable":true,"href":"https:\/\/fhf.edu.al\/en\/wp-json\/wp\/v2\/pages\/30"}],"wp:attachment":[{"href":"https:\/\/fhf.edu.al\/en\/wp-json\/wp\/v2\/media?parent=88"}],"curies":[{"name":"wp","href":"https:\/\/api.w.org\/{rel}","templated":true}]}}