{"id":64,"date":"2024-11-18T08:21:32","date_gmt":"2024-11-18T08:21:32","guid":{"rendered":"http:\/\/localhost\/fhf\/?page_id=64"},"modified":"2026-03-09T13:46:24","modified_gmt":"2026-03-09T13:46:24","slug":"microsoft-teams","status":"publish","type":"page","link":"https:\/\/fhf.edu.al\/en\/studentet\/microsoft-teams\/","title":{"rendered":"Microsoft 365"},"content":{"rendered":"<hr \/>\n<p class=\"title\">Universiteti i Tiran\u00ebs ka v\u00ebn\u00eb n\u00eb p\u00ebrdorim p\u00ebr student\u00ebt e FHF-s\u00eb platform\u00ebn e Microsoft Office 365 for Education.<\/p>\n<p class=\"title\">\u00c7do student ka llogarin\u00eb e tij n\u00eb platform\u00ebn Microsoft sipas formatit t\u00eb m\u00ebposht\u00ebm:<\/p>\n<p class=\"title\">Adresa:<strong> em\u00ebr_mbiem\u00ebr.fhfstudent@unitir.edu.al<\/strong>.<\/p>\n<p>P\u00ebr hyrjen e par\u00eb duhet t\u00eb p\u00ebrdorni si\u00a0<b>Fjal\u00ebkalim:Unitir@2026!<\/b><\/p>\n<p class=\"title\">Aksesimi i llogaris\u00eb do t\u00eb b\u00ebhet n\u00eb adres\u00ebn <a href=\"https:\/\/www.office.com\/\" data-darkreader-inline-color=\"\">https:\/\/www.office.com\/<\/a>.\u00a0 Pasi t\u00eb logoni duhet t\u00eb ndryshoni fjal\u00ebkamin tuaj. Politika p\u00ebr ndryshimin e tij \u00ebsht\u00eb q\u00eb duhet t\u00eb p\u00ebrmbaj\u00eb 8 karaktere duke p\u00ebrdorur g\u00ebrma kapitale, g\u00ebrma t\u00eb vogla, numra si dhe sh\u00ebnja pik\u00ebsimi. Password-i ka k\u00ebto politika: t\u00eb ket\u00eb minimumi 8 karaktere. (G\u00ebrma t\u00eb m\u00ebdha, t\u00eb vogla, numra si dhe pik\u00ebsime).<\/p>\n<div class=\"entry clearfix\">\n<div class=\"entry clearfix\">\n<p>Ju lutemi, duhet pasur kujdes q\u00eb n\u00eb t\u00eb dh\u00ebnat tuaja \u201c<b>emer_mbiemer<\/b>\u201d\u00a0te\u00a0p\u00ebrdoren\u00a0<b>g\u00ebrma t\u00eb vogla<\/b>\u00a0dhe t\u00eb z\u00ebvend\u00ebsohen karakteret\u00a0<b>\u201c\u00eb\u201d me \u201ce\u201d dhe \u201c\u00e7\u201d me \u201cc\u201d<\/b>.<\/p>\n<p>P\u00ebr problematikat e hyrjes dhe rikuperimin e passwordit t\u00eb llogaris\u00eb plot\u00ebsoni <strong><a href=\"https:\/\/forms.office.com\/e\/YxgKNARZhx\" target=\"_blank\" rel=\"noopener\">form\u00ebn k\u00ebtu\u2026\u00a0<\/a><\/strong><\/p>\n<\/div>\n<div>\u00c7do logim n\u00eb nd\u00ebrfaqen e microsoft (<a id=\"m_-2184836759959240597OWAe2626f05-ebd7-7e07-a0ef-16e71fe1e315\" title=\"https:\/\/www.office.com\/\" href=\"https:\/\/www.office.com\/\" target=\"_blank\" rel=\"noopener noreferrer\" data-saferedirecturl=\"https:\/\/www.google.com\/url?q=https:\/\/www.office.com\/&amp;source=gmail&amp;ust=1732096897506000&amp;usg=AOvVaw23pGp7_ba0nwK1ZW3gQN_1\">https:\/\/www.office.com\/<\/a>) p\u00ebr t\u00eb aksesuar email-in ose Microsoft Teams, do t\u00eb b\u00ebhen<\/div>\n<div>me multiauthentication. Ndiqni udh\u00ebzimet sipas manualeve t\u00eb m\u00ebposhtme:<\/div>\n<div>\u2013 p\u00ebr logimet nga celulari me Microsoft authentificator\u00a0<a href=\"https:\/\/drive.google.com\/file\/d\/10PplserWHYjIw6EkZ8u7Z4lTYPF9HY9K\/view?usp=sharing\" target=\"_blank\" rel=\"noopener\">click here to...<\/a>.<\/div>\n<div>\u2013 duke marr\u00eb kodin e siguris\u00eb me sms nga telefoni\u00a0<a href=\"https:\/\/drive.google.com\/file\/d\/1186B_njF74NJiPvCyaBKXfhRx7C8ZDKv\/view?usp=sharing\" target=\"_blank\" rel=\"noopener\">click here to...<\/a>.<\/div>\n<div>P\u00ebr m\u00eb shum\u00eb informacion ndiqni videon duke\u00a0<a href=\"https:\/\/www.bing.com\/videos\/search?q=Set%20up%20multi-factor%20authentication%20with%20a%20mobile%20device%20in%20Microsoft%20365%20Business%20-%20Bing%20video&amp;view=detail&amp;mid=05F8BCD072093135D95E05F8BCD072093135D95E&amp;ajaxhist=0\" target=\"_blank\" rel=\"noopener\">klikuar k\u00ebtu..<\/a><\/div>\n<\/div>\n<div class=\"entry clearfix\"><\/div>","protected":false},"excerpt":{"rendered":"<p>Universiteti i Tiran\u00ebs ka v\u00ebn\u00eb n\u00eb p\u00ebrdorim p\u00ebr student\u00ebt e FHF-s\u00eb platform\u00ebn e Microsoft Office 365 for Education. \u00c7do student ka llogarin\u00eb e tij n\u00eb platform\u00ebn Microsoft sipas formatit t\u00eb m\u00ebposht\u00ebm: Adresa: em\u00ebr_mbiem\u00ebr.fhfstudent@unitir.edu.al. P\u00ebr hyrjen e par\u00eb duhet t\u00eb p\u00ebrdorni si\u00a0Fjal\u00ebkalim:Unitir@2026! Aksesimi i llogaris\u00eb do t\u00eb b\u00ebhet n\u00eb adres\u00ebn https:\/\/www.office.com\/.\u00a0 Pasi t\u00eb logoni duhet t\u00eb [&hellip;]<\/p>","protected":false},"author":1,"featured_media":0,"parent":28,"menu_order":0,"comment_status":"closed","ping_status":"closed","template":"pages\/struktura.php","meta":{"footnotes":""},"class_list":["post-64","page","type-page","status-publish","hentry"],"acf":[],"_links":{"self":[{"href":"https:\/\/fhf.edu.al\/en\/wp-json\/wp\/v2\/pages\/64","targetHints":{"allow":["GET"]}}],"collection":[{"href":"https:\/\/fhf.edu.al\/en\/wp-json\/wp\/v2\/pages"}],"about":[{"href":"https:\/\/fhf.edu.al\/en\/wp-json\/wp\/v2\/types\/page"}],"author":[{"embeddable":true,"href":"https:\/\/fhf.edu.al\/en\/wp-json\/wp\/v2\/users\/1"}],"replies":[{"embeddable":true,"href":"https:\/\/fhf.edu.al\/en\/wp-json\/wp\/v2\/comments?post=64"}],"version-history":[{"count":9,"href":"https:\/\/fhf.edu.al\/en\/wp-json\/wp\/v2\/pages\/64\/revisions"}],"predecessor-version":[{"id":2971,"href":"https:\/\/fhf.edu.al\/en\/wp-json\/wp\/v2\/pages\/64\/revisions\/2971"}],"up":[{"embeddable":true,"href":"https:\/\/fhf.edu.al\/en\/wp-json\/wp\/v2\/pages\/28"}],"wp:attachment":[{"href":"https:\/\/fhf.edu.al\/en\/wp-json\/wp\/v2\/media?parent=64"}],"curies":[{"name":"wp","href":"https:\/\/api.w.org\/{rel}","templated":true}]}}