{"id":58,"date":"2024-11-18T08:20:58","date_gmt":"2024-11-18T08:20:58","guid":{"rendered":"http:\/\/localhost\/fhf\/?page_id=58"},"modified":"2025-03-13T12:23:30","modified_gmt":"2025-03-13T12:23:30","slug":"mandatet-e-pagesave","status":"publish","type":"page","link":"https:\/\/fhf.edu.al\/en\/studentet\/mandatet-e-pagesave\/","title":{"rendered":"Payment mandates"},"content":{"rendered":"<div class=\"text_exposed_show\"><\/div>\n<div>\n<div class=\"text_exposed_show\" style=\"text-align: center;\"><a href=\"https:\/\/drive.google.com\/file\/d\/1XxWUoYyuoHasxd_MQBzHtAcr40EyipfO\/view?usp=sharing\" target=\"_blank\" rel=\"noopener\">First year of the first<\/a><\/div>\n<div style=\"text-align: center;\"><a href=\"https:\/\/drive.google.com\/file\/d\/1G9IqFMZBSEglc5Es-IeI5EL0yYqP0de9\/view?usp=sharing\" target=\"_blank\" rel=\"noopener\">First year of the first 50% of the fee<\/a><\/div>\n<div class=\"text_exposed_show\" style=\"text-align: center;\"><a href=\"https:\/\/drive.google.com\/file\/d\/1ZlcFW9n3MW2hkLFZ4v32mWyD93YhLoHM\/view?usp=sharing\" target=\"_blank\" rel=\"noopener\">First year-second<\/a><\/div>\n<div style=\"text-align: center;\"><a href=\"https:\/\/drive.google.com\/file\/d\/1_m_rLK5CxlZH3ENKik3XAO1vdcOP38hI\/view?usp=sharing\" target=\"_blank\" rel=\"noopener\">First year, the second for 50% of the fee<\/a><\/div>\n<div class=\"text_exposed_show\" style=\"text-align: center;\"><a href=\"https:\/\/drive.google.com\/file\/d\/1j5tcFBJ6VQEKShpSQluaHsrKT7RxafoV\/view?usp=sharing\" target=\"_blank\" rel=\"noopener\">Ba third year<\/a><\/div>\n<div style=\"text-align: center;\"><a href=\"https:\/\/drive.google.com\/file\/d\/16NHTDPxA3esXEA9t2Yu2e0GkloEKvV2F\/view?usp=sharing\" target=\"_blank\" rel=\"noopener\">Ba third year in 50% of the fee<\/a><\/div>\n<div class=\"text_exposed_show\" style=\"text-align: center;\"><a href=\"https:\/\/drive.google.com\/file\/d\/12VfwECFbfFWZMZJpA82WXWNloePHHsGw\/view?usp=sharing\" target=\"_blank\" rel=\"noopener\">Master the professional-the first year<\/a><\/div>\n<div style=\"text-align: center;\"><a href=\"https:\/\/drive.google.com\/file\/d\/1EyZLjMexPg_oFEDdkAYvU48cxeYPlBn2\/view?usp=sharing\" target=\"_blank\" rel=\"noopener\">Master the professional-the first year in 50% of the fee<\/a><\/div>\n<div style=\"text-align: center;\"><a href=\"https:\/\/drive.google.com\/file\/d\/197Fk_hHvbQStjjx9FgtVotpavXxneKIS\/view?usp=sharing\" target=\"_blank\" rel=\"noopener\">Professional Master&#039;s university, the second year of the first<\/a><\/div>\n<div class=\"text_exposed_show\" style=\"text-align: center;\"><a href=\"https:\/\/drive.google.com\/file\/d\/1AKLaSEra8QpLEs-3M2h3beVoDavxaWjf\/view?usp=sharing\" target=\"_blank\" rel=\"noopener\">Professional Master&#039;s second year<\/a><\/div>\n<div style=\"text-align: center;\"><a href=\"https:\/\/drive.google.com\/file\/d\/19dxE1ZpDvWcmjaIw_8JW8A4XpFsmqW3d\/view?usp=sharing\" target=\"_blank\" rel=\"noopener\">Professional Master&#039;s year, the second for 50% of the fee<\/a><\/div>\n<div style=\"text-align: center;\"><a href=\"https:\/\/drive.google.com\/file\/d\/1OYwwJ3VR3QJEQrzae8856kIlKCKKKwax\/view?usp=sharing\" target=\"_blank\" rel=\"noopener\">Masters in vocational college for the second year, of the second<\/a><\/div>\n<div class=\"text_exposed_show\" style=\"text-align: center;\"><a href=\"https:\/\/drive.google.com\/file\/d\/10aGpjxQ3wNnoizDV_ZzZ37cRMkOICo2k\/view?usp=sharing\" target=\"_blank\" rel=\"noopener\">Master of science the first year<\/a><\/div>\n<div style=\"text-align: center;\"><a href=\"https:\/\/drive.google.com\/file\/d\/1E7bHLS9wI_3e6Y33SsDA0OpD-ul32mp8\/view?usp=sharing\" target=\"_blank\" rel=\"noopener\">Master of science the first year in 50% of the fee<\/a><\/div>\n<div class=\"text_exposed_show\" style=\"text-align: center;\"><a href=\"https:\/\/drive.google.com\/file\/d\/1B0OsyxwoWdoXnM9Xk9v15DMzZl8cfCrA\/view?usp=sharing\" target=\"_blank\" rel=\"noopener\">Master of science second year<\/a><\/div>\n<div style=\"text-align: center;\"><a href=\"https:\/\/drive.google.com\/file\/d\/1mdxr1wphodiU-ouqenD6IgERlklmyEdB\/view?usp=sharing\" target=\"_blank\" rel=\"noopener\">Master of science faculty of the second year of the first<\/a><\/div>\n<div style=\"text-align: center;\"><a href=\"https:\/\/drive.google.com\/file\/d\/1QiCrkE92hZ7g-03_NOU9z_U5vJ7mOSJR\/view?usp=sharing\" target=\"_blank\" rel=\"noopener\">Master of science since the second for 50% of the fee<\/a><\/div>\n<div style=\"text-align: center;\"><a href=\"https:\/\/drive.google.com\/file\/d\/1mdxr1wphodiU-ouqenD6IgERlklmyEdB\/view?usp=sharing\" target=\"_blank\" rel=\"noopener\">Master of science faculty of the second year, of the second<\/a><\/div>\n<hr \/>\n<p style=\"text-align: center;\"><a href=\"https:\/\/drive.google.com\/file\/d\/1LgeoeJEoQ6q592-Ws042AKk1irbgVf8E\/view?usp=sharing\" target=\"_blank\" rel=\"noopener\">Fees registration the first cycle of study (Bachelor&#039;s)<\/a><br \/>\n<a href=\"https:\/\/drive.google.com\/file\/d\/1yUJHSMQ_-I-n1Uk5T13_cXFQmTwLWV3A\/view?usp=sharing\" target=\"_blank\" rel=\"noopener\">Payment of registration the first round of the study (Master&#039;s)<\/a><\/p>\n<div>\n<div style=\"text-align: center;\">\n<hr \/>\n<p><a href=\"https:\/\/drive.google.com\/file\/d\/1U422N40AVYDu6RAbE-gFW1MaS9sVTsat\/view?usp=sharing\" target=\"_blank\" rel=\"noopener\">The fee certification of the student<\/a><\/p>\n<\/div>\n<div style=\"text-align: center;\"><a href=\"https:\/\/drive.google.com\/file\/d\/1coKiwkd_GkKA7uqFVYfHBMR2w7VGcFW-\/view?usp=sharing\" target=\"_blank\" rel=\"noopener\">The fee certificate notash Bachelor&#039;s degrees<\/a><\/div>\n<div style=\"text-align: center;\"><a href=\"https:\/\/drive.google.com\/file\/d\/1GXdZyrSaO_AVcfeKfkLK0tRJf94uMXJC\/view?usp=sharing\" target=\"_blank\" rel=\"noopener\">The fee certificate notash Master<\/a><\/div>\n<div style=\"text-align: center;\"><a href=\"https:\/\/drive.google.com\/file\/d\/1Rdcqj0XmL2ue0PqcG_h9TKgNF4pLTWKp\/view?usp=sharing\" target=\"_blank\" rel=\"noopener\">The fee certificate notash a copy of the second<\/a><\/div>\n<div style=\"text-align: center;\"><a href=\"https:\/\/drive.google.com\/file\/d\/1DoWeNJWJ-nQ5LqHbkovAeSxc4qRbf_hS\/view?usp=sharing\" target=\"_blank\" rel=\"noopener\">The fee list is notash, the part of the<\/a><\/div>\n<div style=\"text-align: center;\"><a href=\"https:\/\/drive.google.com\/file\/d\/1eZF9hhKGQZ0pk_dODr3c4pwZoZXS1wHV\/view?usp=sharing\" target=\"_blank\" rel=\"noopener\">The fee list is notash-complete<\/a><\/div>\n<div style=\"text-align: center;\"><a href=\"https:\/\/drive.google.com\/file\/d\/1OBS_ugH7KopxZnsxY2elDUMFjC0FFy80\/view?usp=sharing\" target=\"_blank\" rel=\"noopener\">Book notash<\/a><\/div>\n<div style=\"text-align: center;\"><a href=\"https:\/\/drive.google.com\/file\/d\/1wfEiYUNNjK8f_GP9tm0KWv3oN6z2C8lA\/view?usp=sharing\" target=\"_blank\" rel=\"noopener\">Fee, copy of diploma Bachelor&#039;s degrees<\/a><\/div>\n<div style=\"text-align: center;\"><a href=\"https:\/\/drive.google.com\/file\/d\/1OG8SoH3YA8bosNiuUmCD7u_XKnu1SQp4\/view?usp=sharing\" target=\"_blank\" rel=\"noopener\">Payment card diploma, the student is First<\/a><\/div>\n<div style=\"text-align: center;\"><a href=\"https:\/\/drive.google.com\/file\/d\/1y-B6nTJylyt-6QyWJoB8HTbmw4QAekrN\/view?usp=sharing\" target=\"_blank\" rel=\"noopener\">Payment card diploma, the student is the Master<\/a><\/div>\n<div style=\"text-align: center;\"><a href=\"https:\/\/drive.google.com\/file\/d\/1TwTn-ctWubCdZFctM7kExAYp9y_hKkZo\/view?usp=sharing\" target=\"_blank\" rel=\"noopener\">Payment card diploma, the student training<\/a><\/div>\n<div style=\"text-align: center;\"><a href=\"https:\/\/drive.google.com\/file\/d\/1rpL2yHBJTwuhxgdXQmmlbfjhozUrBSEU\/view?usp=sharing\" target=\"_blank\" rel=\"noopener\">Fee, copy of diploma, Master<\/a><\/div>\n<div style=\"text-align: center;\"><a href=\"https:\/\/drive.google.com\/file\/d\/1Q1LEVnUM9W-STVML4MJWzPhEGf1GSiE2\/view?usp=sharing\" target=\"_blank\" rel=\"noopener\">Charges, the procedure for applications for transfer of studies<\/a><\/div>\n<div>\n<hr \/>\n<p style=\"text-align: center;\"><a href=\"https:\/\/drive.google.com\/file\/d\/1ow69VY7Z0roOq_GGSBTLuFYJsGZCFC9_\/view?usp=sharing\" target=\"_blank\" rel=\"noopener\">Fee, program of study, and 1 case<\/a><\/p>\n<p style=\"text-align: center;\"><a href=\"https:\/\/drive.google.com\/file\/d\/1gEqxEytGSx-p9X8dpILRZHlZ_Mym6iHB\/view?usp=sharing\" target=\"_blank\" rel=\"noopener\">Fee of the programme of study of the the complete<\/a><\/p>\n<hr \/>\n<p style=\"text-align: center;\"><a href=\"https:\/\/drive.google.com\/file\/d\/12aKXeDMCqJhiYHcapQExbHd89LaTjGjM\/view?usp=sharing\" target=\"_blank\" rel=\"noopener\">The fee to apply for the title<\/a><br \/>\n<a href=\"https:\/\/drive.google.com\/file\/d\/13wfF-KsFbfsHQKHLb8JpgOJIMUjEvhUZ\/view?usp=sharing\" target=\"_blank\" rel=\"noopener\">Fees apply to the third cycle Doctorate<\/a><br \/>\n<a href=\"https:\/\/drive.google.com\/file\/d\/12cfD8pUFjasfj7aeDIzTCgeKeypTD9kO\/view?usp=sharing\" target=\"_blank\" rel=\"noopener\">Rate of education to the University, the first installment<\/a><br \/>\n<a href=\"https:\/\/drive.google.com\/file\/d\/12h-_bKzWoM6AkK6CC3RVfiMbq6tfEdsM\/view?usp=sharing\" target=\"_blank\" rel=\"noopener\">Rate of education to the University, the second installment<\/a><br \/>\n<a href=\"https:\/\/drive.google.com\/file\/d\/12iiuB3_9UofMx5ihBeHqSmPaZVayktb2\/view?usp=sharing\" target=\"_blank\" rel=\"noopener\">Rate of education to the University, the third installment<\/a><br \/>\n<a href=\"https:\/\/drive.google.com\/file\/d\/12nDStHzm07c-8W0F7v9559gXQ86WaS-e\/view?usp=sharing\" target=\"_blank\" rel=\"noopener\">The fee for the monitoring of the Procedure of the obtaining the title of an academic as a Professor of Asocuar<\/a><br \/>\n<a href=\"https:\/\/drive.google.com\/file\/d\/12q2zYl08QHmHF6JXodhc6f-W5yEORZur\/view?usp=sharing\" target=\"_blank\" rel=\"noopener\">The fee for the monitoring of the procedure of the obtaining the title of an academic as a Professor of<\/a><\/p>\n<\/div>\n<\/div>\n<\/div>","protected":false},"excerpt":{"rendered":"<p>Bachelor viti i par\u00eb Bachelor viti i par\u00eb\u00a050% t\u00eb tarif\u00ebs Bachelor viti i dyt\u00eb Bachelor viti i dyt\u00eb\u00a050% t\u00eb tarif\u00ebs Bachelor viti i tret\u00eb Bachelor viti i tret\u00eb\u00a050% t\u00eb tarif\u00ebs Master profesional viti i par\u00eb Master profesional viti i par\u00eb\u00a050% t\u00eb tarif\u00ebs Master profesional fakultet i dyt\u00eb, viti i par\u00eb Master profesional viti i dyt\u00eb [&hellip;]<\/p>","protected":false},"author":1,"featured_media":0,"parent":28,"menu_order":0,"comment_status":"closed","ping_status":"closed","template":"pages\/struktura.php","meta":{"footnotes":""},"class_list":["post-58","page","type-page","status-publish","hentry"],"acf":[],"_links":{"self":[{"href":"https:\/\/fhf.edu.al\/en\/wp-json\/wp\/v2\/pages\/58","targetHints":{"allow":["GET"]}}],"collection":[{"href":"https:\/\/fhf.edu.al\/en\/wp-json\/wp\/v2\/pages"}],"about":[{"href":"https:\/\/fhf.edu.al\/en\/wp-json\/wp\/v2\/types\/page"}],"author":[{"embeddable":true,"href":"https:\/\/fhf.edu.al\/en\/wp-json\/wp\/v2\/users\/1"}],"replies":[{"embeddable":true,"href":"https:\/\/fhf.edu.al\/en\/wp-json\/wp\/v2\/comments?post=58"}],"version-history":[{"count":17,"href":"https:\/\/fhf.edu.al\/en\/wp-json\/wp\/v2\/pages\/58\/revisions"}],"predecessor-version":[{"id":1777,"href":"https:\/\/fhf.edu.al\/en\/wp-json\/wp\/v2\/pages\/58\/revisions\/1777"}],"up":[{"embeddable":true,"href":"https:\/\/fhf.edu.al\/en\/wp-json\/wp\/v2\/pages\/28"}],"wp:attachment":[{"href":"https:\/\/fhf.edu.al\/en\/wp-json\/wp\/v2\/media?parent=58"}],"curies":[{"name":"wp","href":"https:\/\/api.w.org\/{rel}","templated":true}]}}