{"id":56,"date":"2024-11-18T08:20:50","date_gmt":"2024-11-18T08:20:50","guid":{"rendered":"http:\/\/localhost\/fhf\/?page_id=56"},"modified":"2024-12-28T23:02:07","modified_gmt":"2024-12-28T23:02:07","slug":"kredi-studentore","status":"publish","type":"page","link":"https:\/\/fhf.edu.al\/en\/studentet\/kredi-studentore\/","title":{"rendered":"Student loan"},"content":{"rendered":"<p>Sipas skem&euml;s s&euml; kreditimit studentor, student&euml;t t&euml; cil&euml;t plot&euml;sojn&euml; kushtet e p&euml;rcaktuara n&euml; VKM 440\/2023, kan&euml; t&euml; drejt&euml; t&euml; paraqesin k&euml;rkes&euml; p&euml;r kredi studentore, p&euml;r financimin e kostove t&euml; studimeve. Kostoja e studimeve p&euml;rfshin, tarif&euml;n e studimeve dhe kostot e jetes&euml;s e cila p&euml;rllogaritet deri n&euml; kufirin e pag&euml;s minimale n&euml; shkall&euml; vendi, t&euml; p&euml;rcaktuar me Vendim t&euml; K&euml;shillit t&euml; Ministrave, n&euml; mas&euml;n 40.000 lek&euml;\/muaj.&nbsp; &lt;br&gt;&lt;br&gt;<\/p>\n<p>&nbsp;<\/p>\n<p>Kreditimi i student&euml;ve do t&euml; realizohet nga banka e nivelit t&euml; dyt&euml;, e cila &euml;sht&euml; p&euml;rzgjedhur fituese nga AKFAL, p&euml;r t&euml; lidhur kontrat&euml; me student&euml;t p&euml;rfitues. Nj&euml; pjes&euml; e norm&euml;s s&euml; interesit t&euml; kredis&euml; (jo m&euml; shum&euml; se pes&euml; pik&euml; p&euml;rqindje) do t&euml; financohet nga buxheti i shtetit nga fondi p&euml;r arsimin e lart&euml;.&lt;br&gt;&lt;br&gt;<\/p>\n<p><strong>Renditja e aplikimeve t\u00eb student\u00ebve p\u00ebr kredi studentore\u00a0do t\u00eb b\u00ebhet nga komisioni q\u00eb ngrihet nga AKFAL, duke u bazuar n\u00eb\u00a0kushtet e p\u00ebrcaktuara n\u00eb pik\u00ebn 7, t\u00eb VKM-s\u00eb nr.440\/2023, t\u00eb listuara si m\u00eb posht\u00eb:\u00a0<\/strong><\/p>\n<ol>\n<li>Vlera e kredis&euml; s&euml; k&euml;rkuar; &lt;br&gt;<\/li>\n<li>Lloji i programit t&euml; studimit ku &euml;sht&euml; regjistruar studenti;&lt;br&gt;<\/li>\n<li>Rezultatet e studentit k&euml;rkues p&euml;r kredi studentore.&lt;br&gt;<\/li>\n<\/ol>\n<p>P\u00ebr m\u00eb shum\u00eb informacion\u00a0<strong><a href=\"https:\/\/drive.google.com\/file\/d\/11nlzVqd3ArWRR7m5L3lVrYYKGM5RASTW\/view?usp=sharing\" target=\"_blank\" rel=\"noopener\">click here to...<\/a> &lt;br&gt;<\/strong><\/p>","protected":false},"excerpt":{"rendered":"<p>Sipas skem\u00ebs s\u00eb kreditimit studentor, student\u00ebt t\u00eb cil\u00ebt plot\u00ebsojn\u00eb kushtet e p\u00ebrcaktuara n\u00eb VKM 440\/2023, kan\u00eb t\u00eb drejt\u00eb t\u00eb paraqesin k\u00ebrkes\u00eb p\u00ebr kredi studentore, p\u00ebr financimin e kostove t\u00eb studimeve. Kostoja e studimeve p\u00ebrfshin, tarif\u00ebn e studimeve dhe kostot e jetes\u00ebs e cila p\u00ebrllogaritet deri n\u00eb kufirin e pag\u00ebs minimale n\u00eb shkall\u00eb vendi, t\u00eb p\u00ebrcaktuar [&hellip;]<\/p>","protected":false},"author":1,"featured_media":0,"parent":28,"menu_order":0,"comment_status":"closed","ping_status":"closed","template":"pages\/struktura.php","meta":{"footnotes":""},"class_list":["post-56","page","type-page","status-publish","hentry"],"acf":[],"_links":{"self":[{"href":"https:\/\/fhf.edu.al\/en\/wp-json\/wp\/v2\/pages\/56","targetHints":{"allow":["GET"]}}],"collection":[{"href":"https:\/\/fhf.edu.al\/en\/wp-json\/wp\/v2\/pages"}],"about":[{"href":"https:\/\/fhf.edu.al\/en\/wp-json\/wp\/v2\/types\/page"}],"author":[{"embeddable":true,"href":"https:\/\/fhf.edu.al\/en\/wp-json\/wp\/v2\/users\/1"}],"replies":[{"embeddable":true,"href":"https:\/\/fhf.edu.al\/en\/wp-json\/wp\/v2\/comments?post=56"}],"version-history":[{"count":8,"href":"https:\/\/fhf.edu.al\/en\/wp-json\/wp\/v2\/pages\/56\/revisions"}],"predecessor-version":[{"id":999,"href":"https:\/\/fhf.edu.al\/en\/wp-json\/wp\/v2\/pages\/56\/revisions\/999"}],"up":[{"embeddable":true,"href":"https:\/\/fhf.edu.al\/en\/wp-json\/wp\/v2\/pages\/28"}],"wp:attachment":[{"href":"https:\/\/fhf.edu.al\/en\/wp-json\/wp\/v2\/media?parent=56"}],"curies":[{"name":"wp","href":"https:\/\/api.w.org\/{rel}","templated":true}]}}