{"id":40,"date":"2024-11-18T08:16:46","date_gmt":"2024-11-18T08:16:46","guid":{"rendered":"http:\/\/localhost\/fhf\/?page_id=40"},"modified":"2024-12-28T22:23:51","modified_gmt":"2024-12-28T22:23:51","slug":"bursa-reduktime-dhe-perjashtime-nga-tarifa","status":"publish","type":"page","link":"https:\/\/fhf.edu.al\/en\/studentet\/bursa-reduktime-dhe-perjashtime-nga-tarifa\/","title":{"rendered":"Scholarships, reductions and exemptions from fees"},"content":{"rendered":"<div class=\"office-form-question-choice\">\n<div align=\"justify\">\n<p>&lt;br&gt;&lt;br&gt;N&euml; zbatim t&euml; V.K.M-s&euml; Nr. 39 dat&euml; 23.01.2019 p&euml;r p&euml;rfitimin e bursave, njoftojm&euml; se <strong>kan\u00eb filluar aplikimet\u00a0<\/strong><strong>p&euml;r burs&euml; &lt;br&gt;&lt;br&gt;<\/strong><\/p>\n<ul>\n<li>Burs\u00ebn mund t\u2019a p\u00ebrfitojn\u00eb vet\u00ebm student\u00ebt e ciklit t\u00eb par\u00eb bachelor dhe q\u00eb plot\u00ebsojn\u00eb dokumentacionin sipas linkut\u00a0<strong><a href=\"https:\/\/drive.google.com\/file\/d\/1kpBMR9C6dEaTdqtlW11EBtUM_JFlnIvX\/view?usp=sharing\" target=\"_blank\" rel=\"noopener\">(kliko k\u00ebtu\u2026)<\/a> &lt;br&gt;&lt;br&gt;<\/strong><\/li>\n<li>Dor\u00ebzimi i dokumentacionit nga student\u00ebt do t\u00eb b\u00ebhet online\u00a0<strong><a href=\"https:\/\/forms.office.com\/r\/eJGkqV6niG\" target=\"_blank\" rel=\"noopener\">(apliko k\u00ebtu)<\/a><\/strong> dhe fizikisht n&euml; kutit&euml; e vendosura n&euml; hollin e Fakultetit. &lt;br&gt;&lt;br&gt;<\/li>\n<li>S\u00eb bashku me dokumentacionin duhet t\u00eb bashk\u00ebngjitet dhe k\u00ebrkesa e studentit p\u00ebr t\u2019u trajtuar me burs\u00eb\u00a0<a href=\"https:\/\/drive.google.com\/file\/d\/1401L5VgQyNpcUw-xvN8zwG0L4dKF7pRo\/view?usp=sharing\" target=\"_blank\" rel=\"noopener\">(modeli kliko k\u00ebtu\u2026)<\/a> &lt;br&gt;&lt;br&gt;<\/li>\n<\/ul>\n<\/div>\n<\/div>\n<div align=\"justify\">\n<hr \/>\n<\/div>\n<div align=\"justify\">\n<p>N\u00eb zbatim t\u00eb V.K.M-s\u00eb Nr. 40 dat\u00eb 23.01.2019 dhe VKM-s\u00eb Nr. 251 dat\u00eb 27.03.2020\u00a0<strong>p&euml;r p&euml;rjashtimin nga tarifa e shkollimit &lt;br&gt;&lt;br&gt;<\/strong><\/p>\n<ul>\n<li>Njoftojm\u00eb se p\u00ebrjashtimin nga tarifa mund t\u2019a p\u00ebrfitojn\u00eb vet\u00ebm student\u00ebt e ciklit t\u00eb par\u00eb bachelor dhe q\u00eb plot\u00ebsojn\u00eb dokumentacionin sipas linkut\u00a0<strong><a href=\"https:\/\/drive.google.com\/file\/d\/16M1r3je-2yjU6epODdHBZQSNF2ZKS60M\/view?usp=sharing\" target=\"_blank\" rel=\"noopener\">(kliko k\u00ebtu\u2026)<\/a> &lt;br&gt;&lt;br&gt;<\/strong><\/li>\n<li>Dor\u00ebzimi i dokumentacionit nga student\u00ebt do t\u00eb b\u00ebhet online\u00a0<a href=\"https:\/\/forms.office.com\/r\/eJGkqV6niG\" target=\"_blank\" rel=\"noopener\"><strong>(apliko k\u00ebtu)<\/strong><\/a> dhe fizikisht pran&euml; Sekretaris&euml; M&euml;simore sipas deg&euml;ve p&euml;rkat&euml;se. &lt;br&gt;&lt;br&gt;<\/li>\n<li>S\u00eb bashku me dokumentacionin duhet t\u00eb bashk\u00ebngjitet dhe k\u00ebrkesa e studentit p\u00ebr\u00a0p\u00ebrjashtimin nga tarifa\u00a0<a href=\"https:\/\/drive.google.com\/file\/d\/1401L5VgQyNpcUw-xvN8zwG0L4dKF7pRo\/view?usp=sharing\" target=\"_blank\" rel=\"noopener\">(modeli kliko k\u00ebtu\u2026)\u00a0<\/a> &lt;br&gt;&lt;br&gt;<\/li>\n<\/ul>\n<\/div>\n<div align=\"justify\">\n<div align=\"justify\">\n<hr \/>\n<\/div>\n<\/div>\n<div align=\"justify\">\n<div align=\"justify\">\n<hr \/>\n<\/div>\n<p>Bazuar n\u00eb VKM-n\u00eb Nr. 780 dat\u00eb 26.12.2018, p\u00ebr reduktimin n\u00eb mas\u00ebn\u00a0<strong>50% t&euml; tarif&euml;s s&euml; shkollimit &lt;br&gt;&lt;br&gt;<\/strong><\/p>\n<ul>\n<li>Njoftojm\u00eb se p\u00ebrjashtimin nga tarifa mund t\u2019a p\u00ebrfitojn\u00eb vet\u00ebm student\u00ebt e ciklit t\u00eb dyt\u00eb Master, dhe q\u00eb plot\u00ebsojn\u00eb dokumentacionin sipas linkut\u00a0<strong><a href=\"https:\/\/drive.google.com\/file\/d\/1tJlYwtQfMIyh5FkEJfg5g1PxhygThuAZ\/view?usp=sharing\" target=\"_blank\" rel=\"noopener\">(kliko k\u00ebtu\u2026)<\/a> &lt;br&gt;&lt;br&gt;<\/strong><\/li>\n<li>Dor\u00ebzimi i dokumentacionit nga student\u00ebt do t\u00eb b\u00ebhet online\u00a0<strong><a href=\"https:\/\/forms.office.com\/r\/eJGkqV6niG\" target=\"_blank\" rel=\"noopener\">(apliko k\u00ebtu)<\/a>\u00a0<\/strong>dhe fizikisht n&euml; kutit&euml; e vendosura n&euml; hollin e Fakultetit. &lt;br&gt;&lt;br&gt;<\/li>\n<li>S\u00eb bashku me dokumentacionin duhet t\u00eb bashk\u00ebngjitet dhe k\u00ebrkesa e studentit p\u00ebr\u00a0reduktim nga tarifa e shkollimit\u00a0<a href=\"https:\/\/drive.google.com\/file\/d\/1401L5VgQyNpcUw-xvN8zwG0L4dKF7pRo\/view?usp=sharing\" target=\"_blank\" rel=\"noopener\">(modeli kliko k\u00ebtu\u2026)<\/a> &lt;br&gt;&lt;br&gt;<\/li>\n<\/ul>\n<hr \/>\n<\/div>\n<div align=\"justify\">\n<p><strong><em>Sh\u00ebnim: Student\u00ebt duhet t\u00eb logojn\u00eb me adres\u00ebn e Fakultetit\u00a0<a href=\"http:\/\/em%C3%ABr_mbiem%C3%ABr.fhfstudent@unitir.edu.al\/\">em\u00ebr_mbiem\u00ebr.fhfstudent@unitir.edu.al<\/a>\u00a0per t\u00eb kryer aplikimin online. Student\u00ebt e vitit t\u00eb par\u00eb aplikimin do ta kryejn\u00eb pasi t\u00eb mbaroj\u00eb procesi i regjistrimit dhe pajisja me adres\u00eb studenti nga Fakulteti.\u00a0 P\u00ebr informacione t\u00eb m\u00ebtejshme t\u00eb ndjekin faqen e Fakultetit\u00a0<a href=\"https:\/\/fhf.edu.al\/en\/\">fhf.edu.al\u00a0\u00a0<\/a> &lt;br&gt;&lt;br&gt;<\/em><\/strong><\/p>\n<\/div>","protected":false},"excerpt":{"rendered":"<p>&lt;br&gt;&lt;br&gt;N&euml; zbatim t&euml; V.K.M-s&euml; Nr. 39 dat&euml; 23.01.2019 p&euml;r p&euml;rfitimin e bursave, njoftojm&euml; se kan&euml; filluar aplikimet&nbsp;p&euml;r burs&euml; &lt;br&gt;&lt;br&gt; Burs&euml;n mund t&rsquo;a p&euml;rfitojn&euml; vet&euml;m student&euml;t e ciklit t&euml; par&euml; bachelor dhe q&euml; plot&euml;sojn&euml; dokumentacionin sipas linkut&nbsp;(kliko k&euml;tu&hellip;) &lt;br&gt;&lt;br&gt; Dor&euml;zimi i dokumentacionit nga student&euml;t do t&euml; b&euml;het online&nbsp;(apliko k&euml;tu) dhe fizikisht n&euml; kutit&euml; e vendosura n&euml; [&hellip;]<\/p>","protected":false},"author":1,"featured_media":0,"parent":28,"menu_order":0,"comment_status":"closed","ping_status":"closed","template":"pages\/njoftime.php","meta":{"footnotes":""},"class_list":["post-40","page","type-page","status-publish","hentry"],"acf":[],"_links":{"self":[{"href":"https:\/\/fhf.edu.al\/en\/wp-json\/wp\/v2\/pages\/40","targetHints":{"allow":["GET"]}}],"collection":[{"href":"https:\/\/fhf.edu.al\/en\/wp-json\/wp\/v2\/pages"}],"about":[{"href":"https:\/\/fhf.edu.al\/en\/wp-json\/wp\/v2\/types\/page"}],"author":[{"embeddable":true,"href":"https:\/\/fhf.edu.al\/en\/wp-json\/wp\/v2\/users\/1"}],"replies":[{"embeddable":true,"href":"https:\/\/fhf.edu.al\/en\/wp-json\/wp\/v2\/comments?post=40"}],"version-history":[{"count":4,"href":"https:\/\/fhf.edu.al\/en\/wp-json\/wp\/v2\/pages\/40\/revisions"}],"predecessor-version":[{"id":958,"href":"https:\/\/fhf.edu.al\/en\/wp-json\/wp\/v2\/pages\/40\/revisions\/958"}],"up":[{"embeddable":true,"href":"https:\/\/fhf.edu.al\/en\/wp-json\/wp\/v2\/pages\/28"}],"wp:attachment":[{"href":"https:\/\/fhf.edu.al\/en\/wp-json\/wp\/v2\/media?parent=40"}],"curies":[{"name":"wp","href":"https:\/\/api.w.org\/{rel}","templated":true}]}}