{"id":38,"date":"2024-11-18T08:16:36","date_gmt":"2024-11-18T08:16:36","guid":{"rendered":"http:\/\/localhost\/fhf\/?page_id=38"},"modified":"2026-01-19T14:01:28","modified_gmt":"2026-01-19T14:01:28","slug":"kriteret-e-pranimit","status":"publish","type":"page","link":"https:\/\/fhf.edu.al\/en\/studentet\/kriteret-e-pranimit\/","title":{"rendered":"Admission criteria"},"content":{"rendered":"<p style=\"text-align: center;\"><strong><a class=\"text-[#8B0003] hover:undeline\" href=\"https:\/\/drive.google.com\/file\/d\/1sBlXT99droS5-ZcQxBvdplcfKClM1akw\/view?usp=sharing\" target=\"_blank\" rel=\"noopener\">Kriteret e perzgjedhjes se fituesve n\u00eb ciklin e par\u00eb Bachelor dhe at\u00eb t\u00eb dyt\u00eb Master, viti akademik 2027-2028<\/a><\/strong><\/p>\n<p style=\"text-align: center;\"><strong><a class=\"text-[#8B0003] hover:undeline\" href=\"https:\/\/drive.google.com\/file\/d\/1yzWYxKBOD9zyzmKuvVE98w3hZe82y32-\/view?usp=sharing\" target=\"_blank\" rel=\"noopener\">Kriteret e perzgjedhjes se fituesve n\u00eb ciklin e par\u00eb Bachelor dhe at\u00eb t\u00eb dyt\u00eb Master, viti akademik 2026-2027<\/a><\/strong><\/p>\n<p style=\"text-align: center;\"><strong><a href=\"https:\/\/drive.google.com\/file\/d\/15rbHjT17kpWzQgVfbm-ORtts-nrXN0HO\/view?usp=sharing\" target=\"_blank\" rel=\"noopener\">The criteria for the selection of the winner in the first round to Bachelor&#039;s degrees, and a second Master degree, academic year 2024-2025<\/a><\/strong><\/p>\n<p style=\"text-align: center;\"><strong><a href=\"https:\/\/projects.gridcoding.com\/fhf\/kriteret-e-pranimit-ne-ciklin-e-pare-dhe-te-dyte-te-studimeve-ne-universitetin-e-tiranes-per-vitin-akademik-2023-2024\/\" target=\"_blank\" rel=\"noopener\">The criteria for the selection of the winner in the first round to Bachelor&#039;s degrees, and a second Master degree, academic year 2023-2024<\/a><\/strong><\/p>\n<p>&nbsp;<\/p>\n<p>&nbsp;<\/p>","protected":false},"excerpt":{"rendered":"<p>Kriteret e perzgjedhjes se fituesve n\u00eb ciklin e par\u00eb Bachelor dhe at\u00eb t\u00eb dyt\u00eb Master, viti akademik 2027-2028 Kriteret e perzgjedhjes se fituesve n\u00eb ciklin e par\u00eb Bachelor dhe at\u00eb t\u00eb dyt\u00eb Master, viti akademik 2026-2027 Kriteret e perzgjedhjes se fituesve n\u00eb ciklin e par\u00eb Bachelor dhe at\u00eb t\u00eb dyt\u00eb Master, viti akademik 2024-2025 Kriteret [&hellip;]<\/p>","protected":false},"author":1,"featured_media":0,"parent":28,"menu_order":0,"comment_status":"closed","ping_status":"closed","template":"pages\/struktura.php","meta":{"footnotes":""},"class_list":["post-38","page","type-page","status-publish","hentry"],"acf":[],"_links":{"self":[{"href":"https:\/\/fhf.edu.al\/en\/wp-json\/wp\/v2\/pages\/38","targetHints":{"allow":["GET"]}}],"collection":[{"href":"https:\/\/fhf.edu.al\/en\/wp-json\/wp\/v2\/pages"}],"about":[{"href":"https:\/\/fhf.edu.al\/en\/wp-json\/wp\/v2\/types\/page"}],"author":[{"embeddable":true,"href":"https:\/\/fhf.edu.al\/en\/wp-json\/wp\/v2\/users\/1"}],"replies":[{"embeddable":true,"href":"https:\/\/fhf.edu.al\/en\/wp-json\/wp\/v2\/comments?post=38"}],"version-history":[{"count":10,"href":"https:\/\/fhf.edu.al\/en\/wp-json\/wp\/v2\/pages\/38\/revisions"}],"predecessor-version":[{"id":2632,"href":"https:\/\/fhf.edu.al\/en\/wp-json\/wp\/v2\/pages\/38\/revisions\/2632"}],"up":[{"embeddable":true,"href":"https:\/\/fhf.edu.al\/en\/wp-json\/wp\/v2\/pages\/28"}],"wp:attachment":[{"href":"https:\/\/fhf.edu.al\/en\/wp-json\/wp\/v2\/media?parent=38"}],"curies":[{"name":"wp","href":"https:\/\/api.w.org\/{rel}","templated":true}]}}