{"id":339,"date":"2024-11-26T15:10:05","date_gmt":"2024-11-26T15:10:05","guid":{"rendered":"http:\/\/localhost\/fhf\/?page_id=339"},"modified":"2025-01-28T13:22:42","modified_gmt":"2025-01-28T13:22:42","slug":"biblioteka","status":"publish","type":"page","link":"https:\/\/fhf.edu.al\/en\/fakulteti\/biblioteka\/","title":{"rendered":"Library"},"content":{"rendered":"<p style=\"text-align: justify;\">Biblioteka e Fakultetit t\u00eb Historis\u00eb dhe t\u00eb Filologjis\u00eb \u00ebsht\u00eb krijuar n\u00eb vitin 1969, pas shk\u00ebputjes nga Biblioteka Shkencore e Universitetit t\u00eb Tiran\u00ebs. Ajo p\u00ebrfaq\u00ebson bibliotek\u00ebn m\u00eb t\u00eb madhe dhe m\u00eb t\u00eb pasur universitare p\u00ebr nga numri i titujve dhe vlera e fondeve q\u00eb bart. Me nj\u00eb sip\u00ebrfaqe prej 710 met\u00ebr katror, n\u00eb fondet e saj gjenden rreth 160.000 ekzemplar\u00eb libra dhe rreth 7300 ekzemplar\u00eb periodik\u00eb.<\/p>\n<p style=\"text-align: justify;\">Materialet q\u00eb ofron Biblioteka e Fakultetit t\u00eb Historis\u00eb dhe t\u00eb Filologjis\u00eb jan\u00eb n\u00eb gjuh\u00ebn shqipe dhe n\u00eb gjuh\u00eb t\u00eb huaja. Ato i takojn\u00eb fushave t\u00eb ndryshme si: gjuh\u00ebsis\u00eb, let\u00ebrsis\u00eb, historis\u00eb, gjeografis\u00eb, gazetaris\u00eb, arkeologjis\u00eb dhe trash\u00ebgimis\u00eb kulturore, qytet\u00ebrimit dhe kultur\u00ebs, filozofis\u00eb, psikologjis\u00eb, fes\u00eb, folklorit, etnologjis\u00eb, sociologjis\u00eb, arsimit, politik\u00ebs, artit etj.<\/p>\n<p style=\"text-align: justify;\">Botimi m\u00eb i hersh\u00ebm n\u00eb bibliotek\u00ebn ton\u00eb mban titullin <em>Ozorai Imre vitairata<\/em> dhe i takon vitit 1535. Dy antikuar\u00eb t\u00eb tjer\u00eb me vler\u00eb jan\u00eb: <em>Historia vniversale dell\u2019origine et imperio de Tvrchi<\/em> i vitit 1568 dhe <em>Pvblii Ovidii Nasonis In quo Fastorvm lib. VI, Tristivm V, De Ponto IV<\/em> i vitit 1664.<\/p>\n<p style=\"text-align: justify;\">Gjithashtu, pasuri e fondeve tona jan\u00eb rreth 70 botime t\u00eb viteve 1800-1900 (t\u00eb kataloguara n\u00eb sistemin Cobiss) t\u00eb cilat i takojn\u00eb m\u00eb s\u00eb shumti fushave t\u00eb gjuh\u00ebsis\u00eb, let\u00ebrsis\u00eb, historis\u00eb dhe gjeografis\u00eb s\u00eb vendeve t\u00eb Ballkanit dhe Europ\u00ebs e nj\u00ebkoh\u00ebsisht u sh\u00ebrbejn\u00eb studiuesve si burime k\u00ebrkimore n\u00eb punimet monografike e shkrimet studimore n\u00eb fush\u00eb t\u00eb albano-balkanologjis\u00eb.<\/p>\n<p style=\"text-align: justify;\">Pjes\u00eb e pasuris\u00eb s\u00eb bibliotek\u00ebs son\u00eb jan\u00eb dhe temat e disertacioneve t\u00eb pedagog\u00ebve t\u00eb fakultetit si dhe temat e diplomave t\u00eb ciklit t\u00eb studimeve Master shkencor.<\/p>\n<p style=\"text-align: justify;\">Biblioteka pasurohet p\u00ebrmes blerjeve t\u00eb titujve t\u00eb rinj; p\u00ebrmes dhuratave nga institucione t\u00eb ndryshme si dhe nga pedagog\u00eb apo dashamir\u00ebs t\u00eb librit.<\/p>\n<p style=\"text-align: justify;\">Kjo bibliotek\u00eb \u00ebsht\u00eb nj\u00eb qend\u00ebr e r\u00ebnd\u00ebsishme n\u00eb ndihm\u00eb t\u00eb procesit m\u00ebsimor dhe atij shkencor; n\u00eb ndihm\u00eb t\u00eb student\u00ebve, pedagog\u00ebve dhe studiuesve t\u00eb shkencave albanologjike. Rrjeti i gjer\u00eb i skedar\u00ebve (alfabetik p\u00ebr autor\u00eb dhe tituj, sistematik, topografik), i ngritur n\u00eb vite si dhe bibliografit\u00eb e ndryshme i mund\u00ebsojn\u00eb lexuesit akces n\u00eb informacion t\u00eb larmish\u00ebm dhe t\u00eb sakt\u00eb.<\/p>\n<p style=\"text-align: justify;\">Krahas pasurimit t\u00eb vazhduesh\u00ebm t\u00eb katalogut manual, me synimin p\u00ebr t\u2019u b\u00ebr\u00eb pjes\u00eb e nj\u00eb \u201cbiblioteke pa kufij dhe pa mure\u201d, punohet \u00e7do dit\u00eb p\u00ebr pasqyrimin e k\u00ebtij skedari n\u00eb variantin elektronik, p\u00ebrmes sistemit t\u00eb p\u00ebrbashk\u00ebt bibliografik COBISS.Net, q\u00eb mb\u00ebshtetet nga UNESCO dhe q\u00eb mund\u00ebson shfletimin e informacionit bibliografik t\u00eb t\u00eb gjitha bibliotekave q\u00eb b\u00ebjn\u00eb pjes\u00eb n\u00eb t\u00eb.<\/p>\n<p style=\"text-align: justify;\">N\u00eb vitin 2014 Biblioteka u rikonstruktua duke p\u00ebrmir\u00ebsuar rr\u00ebnj\u00ebsisht kushtet e mbajtjes dhe shfryt\u00ebzimit t\u00eb koleksioneve, sall\u00ebn e leximit, sistemin e ndri\u00e7imit, t\u00eb ajrimit dhe t\u00eb ngrohjes.<\/p>\n<p style=\"text-align: justify;\">Biblioteka ka nj\u00eb sall\u00eb leximi me fonde t\u00eb hapura, me kapacitet rreth 70 vende, q\u00eb u vjen n\u00eb ndihm\u00eb p\u00ebrdoruesve t\u00eb bibliotek\u00ebs p\u00ebr leximin e materialeve n\u00eb kopje t\u00eb vetme dhe student\u00ebve e pedagog\u00ebve p\u00ebr pun\u00eb n\u00eb grup. Gjithashtu k\u00ebtu zhvillohen veprimtari t\u00eb ndryshme shkencore, aktivitete studentore etj.<\/p>\n<p style=\"text-align: justify;\">P\u00ebr shoq\u00ebrin\u00eb e informacionit n\u00eb t\u00eb cil\u00ebn jetojm\u00eb, sistemet bibliotekare jan\u00eb infrastruktur\u00eb themelore e domosdoshme, jo vet\u00ebm n\u00eb ndihm\u00eb t\u00eb procesit t\u00eb p\u00ebrditsh\u00ebm m\u00ebsimor dhe shkencor, por n\u00eb ndihm\u00eb t\u00eb formimit t\u00eb qytetarit europian. K\u00ebt\u00eb mision, Biblioteka e Fakultetit t\u00eb Historis\u00eb dhe t\u00eb Filologjis\u00eb, e p\u00ebrmbush m\u00eb s\u00eb miri duke z\u00ebn\u00eb vend pran\u00eb bibliotekave t\u00eb p\u00ebrparuara t\u00eb koh\u00ebs edhe p\u00ebrtej kufijve.<\/p>","protected":false},"excerpt":{"rendered":"<p>Biblioteka e Fakultetit t\u00eb Historis\u00eb dhe t\u00eb Filologjis\u00eb \u00ebsht\u00eb krijuar n\u00eb vitin 1969, pas shk\u00ebputjes nga Biblioteka Shkencore e Universitetit t\u00eb Tiran\u00ebs. Ajo p\u00ebrfaq\u00ebson bibliotek\u00ebn m\u00eb t\u00eb madhe dhe m\u00eb t\u00eb pasur universitare p\u00ebr nga numri i titujve dhe vlera e fondeve q\u00eb bart. Me nj\u00eb sip\u00ebrfaqe prej 710 met\u00ebr katror, n\u00eb fondet e saj [&hellip;]<\/p>","protected":false},"author":1,"featured_media":0,"parent":12,"menu_order":0,"comment_status":"closed","ping_status":"closed","template":"pages\/struktura.php","meta":{"footnotes":""},"class_list":["post-339","page","type-page","status-publish","hentry"],"acf":[],"_links":{"self":[{"href":"https:\/\/fhf.edu.al\/en\/wp-json\/wp\/v2\/pages\/339","targetHints":{"allow":["GET"]}}],"collection":[{"href":"https:\/\/fhf.edu.al\/en\/wp-json\/wp\/v2\/pages"}],"about":[{"href":"https:\/\/fhf.edu.al\/en\/wp-json\/wp\/v2\/types\/page"}],"author":[{"embeddable":true,"href":"https:\/\/fhf.edu.al\/en\/wp-json\/wp\/v2\/users\/1"}],"replies":[{"embeddable":true,"href":"https:\/\/fhf.edu.al\/en\/wp-json\/wp\/v2\/comments?post=339"}],"version-history":[{"count":6,"href":"https:\/\/fhf.edu.al\/en\/wp-json\/wp\/v2\/pages\/339\/revisions"}],"predecessor-version":[{"id":1361,"href":"https:\/\/fhf.edu.al\/en\/wp-json\/wp\/v2\/pages\/339\/revisions\/1361"}],"up":[{"embeddable":true,"href":"https:\/\/fhf.edu.al\/en\/wp-json\/wp\/v2\/pages\/12"}],"wp:attachment":[{"href":"https:\/\/fhf.edu.al\/en\/wp-json\/wp\/v2\/media?parent=339"}],"curies":[{"name":"wp","href":"https:\/\/api.w.org\/{rel}","templated":true}]}}