{"id":2855,"date":"2026-02-26T14:22:43","date_gmt":"2026-02-26T14:22:43","guid":{"rendered":"https:\/\/fhf.edu.al\/?page_id=2855"},"modified":"2026-02-27T11:56:50","modified_gmt":"2026-02-27T11:56:50","slug":"ditet-e-informimit-te-studenteve","status":"publish","type":"page","link":"https:\/\/fhf.edu.al\/en\/ditet-e-informimit-te-studenteve\/","title":{"rendered":"Dit\u00ebt e informimit t\u00eb student\u00ebve"},"content":{"rendered":"","protected":false},"excerpt":{"rendered":"","protected":false},"author":1,"featured_media":0,"parent":0,"menu_order":0,"comment_status":"closed","ping_status":"closed","template":"pages\/njoftime.php","meta":{"footnotes":""},"class_list":["post-2855","page","type-page","status-publish","hentry"],"acf":[],"_links":{"self":[{"href":"https:\/\/fhf.edu.al\/en\/wp-json\/wp\/v2\/pages\/2855","targetHints":{"allow":["GET"]}}],"collection":[{"href":"https:\/\/fhf.edu.al\/en\/wp-json\/wp\/v2\/pages"}],"about":[{"href":"https:\/\/fhf.edu.al\/en\/wp-json\/wp\/v2\/types\/page"}],"author":[{"embeddable":true,"href":"https:\/\/fhf.edu.al\/en\/wp-json\/wp\/v2\/users\/1"}],"replies":[{"embeddable":true,"href":"https:\/\/fhf.edu.al\/en\/wp-json\/wp\/v2\/comments?post=2855"}],"version-history":[{"count":1,"href":"https:\/\/fhf.edu.al\/en\/wp-json\/wp\/v2\/pages\/2855\/revisions"}],"predecessor-version":[{"id":2856,"href":"https:\/\/fhf.edu.al\/en\/wp-json\/wp\/v2\/pages\/2855\/revisions\/2856"}],"wp:attachment":[{"href":"https:\/\/fhf.edu.al\/en\/wp-json\/wp\/v2\/media?parent=2855"}],"curies":[{"name":"wp","href":"https:\/\/api.w.org\/{rel}","templated":true}]}}