{"id":2775,"date":"2026-01-28T14:09:52","date_gmt":"2026-01-28T14:09:52","guid":{"rendered":"https:\/\/fhf.edu.al\/?page_id=2775"},"modified":"2026-01-28T14:21:17","modified_gmt":"2026-01-28T14:21:17","slug":"sigurimi-i-brendshem-i-cilesise","status":"publish","type":"page","link":"https:\/\/fhf.edu.al\/en\/departamentet\/sigurimi-i-brendshem-i-cilesise\/","title":{"rendered":"Sigurimi i Brendsh\u00ebm i Cil\u00ebsis\u00eb"},"content":{"rendered":"<hr \/>\n<p style=\"text-align: justify;\">Sigurimi i Brendsh\u00ebm i Cil\u00ebsis\u00eb n\u00eb Fakultetin e Historis\u00eb dhe t\u00eb Filologjis\u00eb p\u00ebrb\u00ebn nj\u00eb proces t\u00eb organizuar dhe t\u00eb vazhduesh\u00ebm, i cili synon monitorimin, vler\u00ebsimin dhe p\u00ebrmir\u00ebsimin e cil\u00ebsis\u00eb s\u00eb m\u00ebsimdh\u00ebnies, programeve akademike dhe sh\u00ebrbimeve q\u00eb ofron Fakulteti. Esht\u00eb nj\u00eb proces q\u00eb garanton respektimin, ruajtjen dhe zhvillimin e q\u00ebndruesh\u00ebm t\u00eb standardeve akademike dhe kritereve t\u00eb brendshme institucionale.<\/p>\n<p style=\"text-align: justify;\">P\u00ebr zbatimin e Sigurimit t\u00eb Brendsh\u00ebm t\u00eb Cil\u00ebsis\u00eb, n\u00eb Fakultet \u00ebsht\u00eb ngritur Nj\u00ebsia e Sigurimit t\u00eb Brendsh\u00ebm t\u00eb Cil\u00ebsis\u00eb, e cila funksionon n\u00eb p\u00ebrputhje me Rregulloren e Universitetit t\u00eb Tiran\u00ebs p\u00ebr \u201cOrganizimin dhe funksionimin e Komisionit t\u00eb P\u00ebrhersh\u00ebm p\u00ebr Sigurimin e Standardeve t\u00eb Cil\u00ebsis\u00eb n\u00eb Universitetin e Tiran\u00ebs\u201d, miratuar me Vendimin nr. 23, dat\u00eb 27.07.2022, t\u00eb Senatit Akademik.<\/p>\n<p style=\"text-align: justify;\">Nj\u00eb nga instrumentet m\u00eb t\u00eb r\u00ebnd\u00ebsishme t\u00eb Sigurimit t\u00eb Brendsh\u00ebm t\u00eb Cil\u00ebsis\u00eb \u00ebsht\u00eb p\u00ebrdorimi i pyet\u00ebsor\u00ebve t\u00eb strukturuar, t\u00eb cil\u00ebt sh\u00ebrbejn\u00eb p\u00ebr mbledhjen e informacionit t\u00eb drejtp\u00ebrdrejt\u00eb nga student\u00ebt lidhur me p\u00ebrvoj\u00ebn e tyre akademike, cil\u00ebsin\u00eb e m\u00ebsimdh\u00ebnies dhe sh\u00ebrbimet e ofruara nga Fakulteti.<\/p>\n<p style=\"text-align: justify;\">P\u00ebr k\u00ebt\u00eb, \u00ebsht\u00eb ngritur Zyra e Sigurimit t\u00eb Brendsh\u00ebm t\u00eb Cil\u00ebsis\u00eb dhe Karrier\u00ebs, e cila q\u00eb prej vitit akademik 2021\u20132022 ka nisur dhe vijon aktivitetin e saj duke aplikuar \u201cPaketat e Instrumenteve t\u00eb Cil\u00ebsis\u00eb\u201d, t\u00eb miratuara nga Senati i Universitetit t\u00eb Tiran\u00ebs m\u00eb 23.12.2020.<\/p>\n<p style=\"text-align: justify;\">Zyra, n\u00eb bashk\u00ebpunim m\u00eb NJSBC-n\u00eb e Fakultetit koordinon \u201cPyet\u00ebsor\u00ebt\u201d, n\u00ebp\u00ebrmjet sistemit \u201cMicrosoft teams\u201d dhe b\u00ebn shp\u00ebrndarjen dorazi tek \u00e7do student, ku kryen votimin n\u00eb m\u00ebnyr\u00eb anonime n\u00ebp\u00ebrmjet nj\u00eb kodi \u201cQR\u201d t\u00eb till\u00eb: Vler\u00ebsimi bazohet n\u00eb shkall\u00ebn \u201cLikert\u201d. P\u00ebrgjigjet e rezultateve p\u00ebrpunohen, shp\u00ebrndahen n\u00eb njesin\u00eb kryesore dhe ato p\u00ebrb\u00ebr\u00ebse t\u00eb Fakultetit, vijohet me publikimin n\u00eb faqen zyrtare dhe m\u00eb pas dor\u00ebzohen n\u00eb Komisionin e P\u00ebrhersh\u00ebm t\u00eb Sigurimit t\u00eb Brendsh\u00ebm t\u00eb Cil\u00ebsis\u00eb, n\u00eb Rektoratin e Universitetit t\u00eb Tiran\u00ebs.<\/p>\n<p style=\"text-align: justify;\">N\u00eb Fakultetin e Historis\u00eb dhe t\u00eb Filologjis\u00eb zbatohen dy procese kryesore vler\u00ebsimi:<\/p>\n<ul style=\"text-align: justify;\">\n<li>vler\u00ebsimi i performanc\u00ebs s\u00eb personelit akademik;<\/li>\n<li>vler\u00ebsimi i programeve t\u00eb studimit nga student\u00ebt q\u00eb diplomohen n\u00eb ciklet Bachelor dhe Master.<\/li>\n<\/ul>\n<p style=\"text-align: justify;\">P\u00ebrmes analiz\u00ebs s\u00eb k\u00ebtyre vler\u00ebsimeve, Fakulteti siguron informacion t\u00eb besuesh\u00ebm mbi p\u00ebrvoj\u00ebn akademike t\u00eb student\u00ebve dhe orienton veprimtarin\u00eb institucionale drejt p\u00ebrmir\u00ebsimit t\u00eb vazhduesh\u00ebm t\u00eb cil\u00ebsis\u00eb n\u00eb t\u00eb gjitha nivelet.<\/p>\n<hr \/>\n<p>&nbsp;<\/p>","protected":false},"excerpt":{"rendered":"<p>Sigurimi i Brendsh\u00ebm i Cil\u00ebsis\u00eb n\u00eb Fakultetin e Historis\u00eb dhe t\u00eb Filologjis\u00eb p\u00ebrb\u00ebn nj\u00eb proces t\u00eb organizuar dhe t\u00eb vazhduesh\u00ebm, i cili synon monitorimin, vler\u00ebsimin dhe p\u00ebrmir\u00ebsimin e cil\u00ebsis\u00eb s\u00eb m\u00ebsimdh\u00ebnies, programeve akademike dhe sh\u00ebrbimeve q\u00eb ofron Fakulteti. Esht\u00eb nj\u00eb proces q\u00eb garanton respektimin, ruajtjen dhe zhvillimin e q\u00ebndruesh\u00ebm t\u00eb standardeve akademike dhe kritereve t\u00eb [&hellip;]<\/p>","protected":false},"author":1,"featured_media":0,"parent":14,"menu_order":0,"comment_status":"closed","ping_status":"closed","template":"pages\/departamentet.php","meta":{"footnotes":""},"class_list":["post-2775","page","type-page","status-publish","hentry"],"acf":[],"_links":{"self":[{"href":"https:\/\/fhf.edu.al\/en\/wp-json\/wp\/v2\/pages\/2775","targetHints":{"allow":["GET"]}}],"collection":[{"href":"https:\/\/fhf.edu.al\/en\/wp-json\/wp\/v2\/pages"}],"about":[{"href":"https:\/\/fhf.edu.al\/en\/wp-json\/wp\/v2\/types\/page"}],"author":[{"embeddable":true,"href":"https:\/\/fhf.edu.al\/en\/wp-json\/wp\/v2\/users\/1"}],"replies":[{"embeddable":true,"href":"https:\/\/fhf.edu.al\/en\/wp-json\/wp\/v2\/comments?post=2775"}],"version-history":[{"count":3,"href":"https:\/\/fhf.edu.al\/en\/wp-json\/wp\/v2\/pages\/2775\/revisions"}],"predecessor-version":[{"id":2788,"href":"https:\/\/fhf.edu.al\/en\/wp-json\/wp\/v2\/pages\/2775\/revisions\/2788"}],"up":[{"embeddable":true,"href":"https:\/\/fhf.edu.al\/en\/wp-json\/wp\/v2\/pages\/14"}],"wp:attachment":[{"href":"https:\/\/fhf.edu.al\/en\/wp-json\/wp\/v2\/media?parent=2775"}],"curies":[{"name":"wp","href":"https:\/\/api.w.org\/{rel}","templated":true}]}}