{"id":2645,"date":"2026-01-20T13:12:20","date_gmt":"2026-01-20T13:12:20","guid":{"rendered":"https:\/\/fhf.edu.al\/?page_id=2645"},"modified":"2026-03-12T14:18:56","modified_gmt":"2026-03-12T14:18:56","slug":"zyra-e-keshillimit-te-karrieres","status":"publish","type":"page","link":"https:\/\/fhf.edu.al\/en\/departamentet\/zyra-e-keshillimit-te-karrieres\/","title":{"rendered":"Career Counseling Office"},"content":{"rendered":"<hr \/>\n<p style=\"text-align: justify;\">T\u00eb k\u00ebrkosh nj\u00eb pun\u00eb \u00ebsht\u00eb nj\u00eb sip\u00ebrmarrje e bukur, por edhe sfiduese. Ajo k\u00ebrkon p\u00ebrkushtim, informacion dhe njohuri specifike p\u00ebr tregun ku d\u00ebshironi t\u00eb p\u00ebrfshiheni. K\u00ebrkimi i pun\u00ebs dhe planifikimi i karrier\u00ebs nuk duhet t\u00eb jen\u00eb rezultat i rast\u00ebsis\u00eb, por procese t\u00eb menduara dhe t\u00eb strukturuara mbi baz\u00ebn e nj\u00eb analize t\u00eb thelluar q\u00eb secili i b\u00ebn vetes, aft\u00ebsive dhe synimeve t\u00eb tij profesionale.<\/p>\n<p style=\"text-align: justify;\">Aft\u00ebsit\u00eb e fituara gjat\u00eb ciklit t\u00eb studimeve universitare jan\u00eb shum\u00eb t\u00eb r\u00ebnd\u00ebsishme, por kur hyni n\u00eb tregun e pun\u00ebs, fokusi duhet t\u00eb zgjerohet drejt analiz\u00ebs s\u00eb k\u00ebtij tregu: p\u00ebr deg\u00ebn n\u00eb t\u00eb cil\u00ebn jeni diplomuar, p\u00ebr figurat profesionale q\u00eb k\u00ebrkohen dhe p\u00ebr kompetencat q\u00eb duhet t\u00eb vihen n\u00eb pah.<\/p>\n<p style=\"text-align: justify;\">K\u00ebshilla e par\u00eb q\u00eb ju japim \u00ebsht\u00eb t\u00eb reflektoni mbi interesat dhe pasionet tuaja. Mendoni cilat jan\u00eb aktivitetet q\u00eb ju p\u00ebrfshijn\u00eb plot\u00ebsisht dhe ju b\u00ebjn\u00eb t\u00eb ndiheni t\u00eb realizuar. Filloni t\u00eb analizoni vlerat tuaja profesionale. Disa synojn\u00eb rritjen n\u00eb karrier\u00eb, disa t\u00eb tjer\u00eb preferojn\u00eb t\u00eb japin kontribut n\u00eb shoq\u00ebri, nd\u00ebrsa t\u00eb tjer\u00eb i japin p\u00ebrpar\u00ebsi p\u00ebrfitimit financiar. Nuk ka vlera profesionale t\u00eb drejta apo t\u00eb gabuara \u2014 ka vet\u00ebm zgjedhje dhe projekte personale, mbi t\u00eb cilat duhet t\u00eb reflektoni me vet\u00ebdije.<\/p>\n<p style=\"text-align: justify;\">Zyra e K\u00ebshillimit t\u00eb Karrier\u00ebs pran\u00eb Fakultetit ju vjen n\u00eb ndihm\u00eb pik\u00ebrisht n\u00eb k\u00ebt\u00eb proces reflektimi dhe orientimi profesional. Ajo synon t\u2019ju udh\u00ebheq\u00eb n\u00eb rrug\u00ebn drejt karrier\u00ebs, duke u mb\u00ebshtetur n\u00eb formimin tuaj akademik dhe n\u00eb pikat e forta t\u00eb personalitetit tuaj.<\/p>\n<p style=\"text-align: justify;\">Zyra funksionon si <strong>Career Desk<\/strong>, nj\u00eb sh\u00ebrbim k\u00ebshillimi i drejtp\u00ebrdrejt\u00eb dhe i vazhduesh\u00ebm, i cili ju ndihmon n\u00eb nd\u00ebrtimin e nj\u00eb CV-je profesionale, hartimin e nj\u00eb letre motivimi, p\u00ebrgatitjen p\u00ebr intervista pune, k\u00ebrkimin e ofertave aktive n\u00eb tregun e pun\u00ebs dhe m\u00ebnyr\u00ebn m\u00eb t\u00eb mir\u00eb t\u00eb prezantimit profesional jasht\u00eb dyerve t\u00eb Fakultetit.<\/p>\n<p style=\"text-align: justify;\"><strong>The office of Advising Career at the Faculty of History and Philology, provides the following services:<\/strong><\/p>\n<ol>\n<li style=\"text-align: justify;\"><strong> Service Career Desk<\/strong> \u2013 mir\u00ebpret \u00e7do dit\u00eb student\u00eb p\u00ebr konsulenc\u00eb t\u00eb drejtp\u00ebrdrejt\u00eb, me q\u00ebllim nd\u00ebrtimin efektiv t\u00eb vet\u00eb-marketingut dhe p\u00ebrgatitjen p\u00ebr tregun e pun\u00ebsimit. Kjo realizohet p\u00ebrmes temave:<br \/>\na) Si t\u00eb shkruajm\u00eb nj\u00eb e-mail zyrtar pune;<br \/>\nb) Si t\u00eb hartojm\u00eb nj\u00eb let\u00ebr motivimi;<br \/>\nc) Zgjedhja dhe hartimi i modelit t\u00eb CV-s\u00eb;<br \/>\nd) Llojet e intervistave t\u00eb pun\u00ebs;<br \/>\ne) Sjellja dhe komunikimi gjat\u00eb intervist\u00ebs;<br \/>\nf) R\u00ebnd\u00ebsia e hapjes s\u00eb nj\u00eb profili LinkedIn.<\/li>\n<li style=\"text-align: justify;\"><strong> Hours and info on the band<\/strong> \u2013 n\u00eb dit\u00eb dhe orare t\u00eb caktuara zhvillohen takime me tema specifike mbi karrier\u00ebn dhe kanalet e rekrutimit.<\/li>\n<li style=\"text-align: justify;\"><a href=\"https:\/\/fhf.edu.al\/en\/keshillimi-i-karrieres\/\" target=\"_blank\" rel=\"noopener\"><strong> \u201cJava e K\u00ebshillimit t\u00eb Karrier\u00ebs\u201d<\/strong><\/a> \u2013 aktivitet me ekspert\u00eb t\u00eb jasht\u00ebm, ku trajtohen \u00e7\u00ebshtje q\u00eb lidhen me tregun e pun\u00ebs dhe zhvillimin profesional.<\/li>\n<li style=\"text-align: justify;\"><a href=\"https:\/\/fhf.edu.al\/en\/panairi-i-punes\/\" target=\"_blank\" rel=\"noopener\"><strong> Fair Employment<\/strong><\/a> \u2013 synon krijimin e hap\u00ebsirave t\u00eb nevojshme q\u00eb institucione, kompani, agjenci dhe OJF t\u00eb prezantojn\u00eb ofertat e tyre dhe pritshm\u00ebrit\u00eb ndaj student\u00ebve.<\/li>\n<li style=\"text-align: justify;\"><a href=\"https:\/\/fhf.edu.al\/en\/alumni-fhf\/\" target=\"_blank\" rel=\"noopener\"><strong> Alumni<\/strong><\/a> \u2013 p\u00ebrmes \u201cPyet\u00ebsor\u00ebve t\u00eb Pun\u00ebsimit\u201d synohet njohja e rrug\u00ebtimit profesional t\u00eb ish-student\u00ebve, duke krijuar nj\u00eb baz\u00eb t\u00eb dh\u00ebnash t\u00eb vlefshme p\u00ebr analiz\u00ebn e k\u00ebrkesave t\u00eb tregut t\u00eb pun\u00ebs dhe p\u00ebrmir\u00ebsimin e programeve t\u00eb studimit.<\/li>\n<\/ol>\n<p><strong>Na gjeni n\u00eb rrjetet sociale:<\/strong><\/p>\n<p><a href=\"https:\/\/www.facebook.com\/profile.php?id=100078176126307\">Facebook: FHF &#8211; Zyra e K\u00ebshillimit t\u00eb Karrier\u00ebs<\/a><\/p>\n<p><a href=\"https:\/\/www.instagram.com\/zyra_e_karrieres_fhf\/?hl=en\">Instagram: Zyra_e_karrieres_fhf<\/a><\/p>\n<hr \/>\n<p>&nbsp;<\/p>","protected":false},"excerpt":{"rendered":"<p>T\u00eb k\u00ebrkosh nj\u00eb pun\u00eb \u00ebsht\u00eb nj\u00eb sip\u00ebrmarrje e bukur, por edhe sfiduese. Ajo k\u00ebrkon p\u00ebrkushtim, informacion dhe njohuri specifike p\u00ebr tregun ku d\u00ebshironi t\u00eb p\u00ebrfshiheni. K\u00ebrkimi i pun\u00ebs dhe planifikimi i karrier\u00ebs nuk duhet t\u00eb jen\u00eb rezultat i rast\u00ebsis\u00eb, por procese t\u00eb menduara dhe t\u00eb strukturuara mbi baz\u00ebn e nj\u00eb analize t\u00eb thelluar q\u00eb secili [&hellip;]<\/p>","protected":false},"author":1,"featured_media":0,"parent":14,"menu_order":0,"comment_status":"closed","ping_status":"closed","template":"pages\/departamentet.php","meta":{"footnotes":""},"class_list":["post-2645","page","type-page","status-publish","hentry"],"acf":[],"_links":{"self":[{"href":"https:\/\/fhf.edu.al\/en\/wp-json\/wp\/v2\/pages\/2645","targetHints":{"allow":["GET"]}}],"collection":[{"href":"https:\/\/fhf.edu.al\/en\/wp-json\/wp\/v2\/pages"}],"about":[{"href":"https:\/\/fhf.edu.al\/en\/wp-json\/wp\/v2\/types\/page"}],"author":[{"embeddable":true,"href":"https:\/\/fhf.edu.al\/en\/wp-json\/wp\/v2\/users\/1"}],"replies":[{"embeddable":true,"href":"https:\/\/fhf.edu.al\/en\/wp-json\/wp\/v2\/comments?post=2645"}],"version-history":[{"count":30,"href":"https:\/\/fhf.edu.al\/en\/wp-json\/wp\/v2\/pages\/2645\/revisions"}],"predecessor-version":[{"id":3120,"href":"https:\/\/fhf.edu.al\/en\/wp-json\/wp\/v2\/pages\/2645\/revisions\/3120"}],"up":[{"embeddable":true,"href":"https:\/\/fhf.edu.al\/en\/wp-json\/wp\/v2\/pages\/14"}],"wp:attachment":[{"href":"https:\/\/fhf.edu.al\/en\/wp-json\/wp\/v2\/media?parent=2645"}],"curies":[{"name":"wp","href":"https:\/\/api.w.org\/{rel}","templated":true}]}}