{"id":2637,"date":"2026-01-20T11:59:33","date_gmt":"2026-01-20T11:59:33","guid":{"rendered":"https:\/\/fhf.edu.al\/?page_id=2637"},"modified":"2026-01-23T11:07:58","modified_gmt":"2026-01-23T11:07:58","slug":"shkolla-doktorale","status":"publish","type":"page","link":"https:\/\/fhf.edu.al\/en\/departamentet\/shkolla-doktorale\/","title":{"rendered":"Shkolla doktorale"},"content":{"rendered":"<hr \/>\n<p class=\"mb-4 leading-relaxed text-gray-800\">Doctoral study programs are organized in accordance with the requirements of the Higher Education Law 80\/2015 and all other sub-legal acts in its implementation. The doctoral study program is included in the third cycle of university studies, at the end of which a diploma for the scientific degree \u201cDOCTOR\u201d is issued.<br \/>\nDoctoral studies aim to promote scientific research, oriented towards deepening, reconceptualizing and reintegration of scientific knowledge in the research areas covered by the Departments of the Faculty of History and Philology.<br \/>\nAt the foundation of doctoral studies is scientific research and independent creative activity, as the basis for the preparation of the DOCTORAL THESIS, necessary for obtaining the degree of \"Doctor\" and the connection with research projects of the Departments or the Faculty of History and Philology.<\/p>\n<hr \/>\n<p>&nbsp;<\/p>","protected":false},"excerpt":{"rendered":"<p>Programet e studimit t\u00eb doktorat\u00ebs organizohen n\u00eb p\u00ebrputhje me k\u00ebrkesat e Ligjit t\u00eb Arsimit t\u00eb Lart\u00eb 80\/2015 dhe t\u00eb gjitha akteve t\u00eb tjera n\u00ebnligjore n\u00eb zbatim t\u00eb tij. Programi i studimit t\u00eb doktorat\u00ebs p\u00ebrfshihet n\u00eb ciklin e tret\u00eb t\u00eb studimeve universitare, n\u00eb p\u00ebrfundim t\u00eb t\u00eb cilit l\u00ebshohet diploma p\u00ebr grad\u00ebn shkencore \u201cDOKTOR\u201d. Studimet doktorale synojn\u00eb [&hellip;]<\/p>","protected":false},"author":1,"featured_media":0,"parent":14,"menu_order":0,"comment_status":"closed","ping_status":"closed","template":"pages\/departamentet.php","meta":{"footnotes":""},"class_list":["post-2637","page","type-page","status-publish","hentry"],"acf":[],"_links":{"self":[{"href":"https:\/\/fhf.edu.al\/en\/wp-json\/wp\/v2\/pages\/2637","targetHints":{"allow":["GET"]}}],"collection":[{"href":"https:\/\/fhf.edu.al\/en\/wp-json\/wp\/v2\/pages"}],"about":[{"href":"https:\/\/fhf.edu.al\/en\/wp-json\/wp\/v2\/types\/page"}],"author":[{"embeddable":true,"href":"https:\/\/fhf.edu.al\/en\/wp-json\/wp\/v2\/users\/1"}],"replies":[{"embeddable":true,"href":"https:\/\/fhf.edu.al\/en\/wp-json\/wp\/v2\/comments?post=2637"}],"version-history":[{"count":9,"href":"https:\/\/fhf.edu.al\/en\/wp-json\/wp\/v2\/pages\/2637\/revisions"}],"predecessor-version":[{"id":2755,"href":"https:\/\/fhf.edu.al\/en\/wp-json\/wp\/v2\/pages\/2637\/revisions\/2755"}],"up":[{"embeddable":true,"href":"https:\/\/fhf.edu.al\/en\/wp-json\/wp\/v2\/pages\/14"}],"wp:attachment":[{"href":"https:\/\/fhf.edu.al\/en\/wp-json\/wp\/v2\/media?parent=2637"}],"curies":[{"name":"wp","href":"https:\/\/api.w.org\/{rel}","templated":true}]}}