{"id":26,"date":"2024-11-18T08:11:51","date_gmt":"2024-11-18T08:11:51","guid":{"rendered":"http:\/\/localhost\/fhf\/?page_id=26"},"modified":"2026-01-15T14:22:11","modified_gmt":"2026-01-15T14:22:11","slug":"departamenti-i-gjuhesise","status":"publish","type":"page","link":"https:\/\/fhf.edu.al\/en\/departamentet\/departamenti-i-gjuhesise\/","title":{"rendered":"Department of Albanian Language"},"content":{"rendered":"<hr \/>\n<p style=\"text-align: justify;\">In the Department of Linguistics and prepare linguists, researchers working at the centre for critical and academic, as well as lektor\u00eb of the Albanian language in many of the major universities outside of the country. It here is prepared the teacher of the Albanian language in the loop in the middle of a low-and a high level of quality in order to convey to the students the knowledge about the language, and with the authority to senior professionals.<br \/>\nA bachelor&#039;s degree in linguistics from the creating also job opportunities such as an editor, proofreader, in the field of media and publishing, the administration of the public service; the therapist&#039;s language, or logoped (with a specialization optional), an advisor to the language, in a work such as where it is required the acquisition of a language is Albanian, and the appropriate terminology, a specialist in language and in the company advertisements, etc.).<br \/>\nA bachelor&#039;s degree in Linguistics can also be used as a starting point and is safe for graduate school.<\/p>\n<hr \/>\n<p style=\"text-align: justify;\">","protected":false},"excerpt":{"rendered":"<p>N\u00eb Departamentin e Gjuh\u00ebsis\u00eb p\u00ebrgatiten gjuh\u00ebtar\u00eb, studiues t\u00eb cil\u00ebt punojn\u00eb n\u00eb qendra t\u00eb r\u00ebnd\u00ebsishme akademike, por edhe si lektor\u00eb t\u00eb gjuh\u00ebs shqipe n\u00eb shum\u00eb universitete jasht\u00eb vendit. K\u00ebtu p\u00ebrgatiten m\u00ebsuesit e gjuh\u00ebs shqipe n\u00eb ciklin e mes\u00ebm t\u00eb ul\u00ebt dhe t\u00eb lart\u00eb me nivel cil\u00ebsor p\u00ebr t\u00eb p\u00ebrcjell\u00eb te nx\u00ebn\u00ebsit dijet mbi gjuh\u00ebn me kompetenc\u00eb [&hellip;]<\/p>","protected":false},"author":1,"featured_media":0,"parent":14,"menu_order":0,"comment_status":"closed","ping_status":"closed","template":"pages\/departamentet.php","meta":{"footnotes":""},"class_list":["post-26","page","type-page","status-publish","hentry"],"acf":[],"_links":{"self":[{"href":"https:\/\/fhf.edu.al\/en\/wp-json\/wp\/v2\/pages\/26","targetHints":{"allow":["GET"]}}],"collection":[{"href":"https:\/\/fhf.edu.al\/en\/wp-json\/wp\/v2\/pages"}],"about":[{"href":"https:\/\/fhf.edu.al\/en\/wp-json\/wp\/v2\/types\/page"}],"author":[{"embeddable":true,"href":"https:\/\/fhf.edu.al\/en\/wp-json\/wp\/v2\/users\/1"}],"replies":[{"embeddable":true,"href":"https:\/\/fhf.edu.al\/en\/wp-json\/wp\/v2\/comments?post=26"}],"version-history":[{"count":18,"href":"https:\/\/fhf.edu.al\/en\/wp-json\/wp\/v2\/pages\/26\/revisions"}],"predecessor-version":[{"id":2631,"href":"https:\/\/fhf.edu.al\/en\/wp-json\/wp\/v2\/pages\/26\/revisions\/2631"}],"up":[{"embeddable":true,"href":"https:\/\/fhf.edu.al\/en\/wp-json\/wp\/v2\/pages\/14"}],"wp:attachment":[{"href":"https:\/\/fhf.edu.al\/en\/wp-json\/wp\/v2\/media?parent=26"}],"curies":[{"name":"wp","href":"https:\/\/api.w.org\/{rel}","templated":true}]}}