{"id":24,"date":"2024-11-18T08:11:41","date_gmt":"2024-11-18T08:11:41","guid":{"rendered":"http:\/\/localhost\/fhf\/?page_id=24"},"modified":"2026-01-08T09:32:27","modified_gmt":"2026-01-08T09:32:27","slug":"departamenti-i-letersise","status":"publish","type":"page","link":"https:\/\/fhf.edu.al\/en\/departamentet\/departamenti-i-letersise\/","title":{"rendered":"Department of Literature"},"content":{"rendered":"<hr \/>\n<p style=\"text-align: justify;\">The department of Literature and looks forward to it every year, hundreds of students choose to study in one of the programs of the different studies that the department offers. Each one is very important for us, as a student, as an individual, as a citizen of the professionals of the future, we believe in the creation of their own. Our work is based on the principles of many of the modern as well as humanism, by cultivating in each student a love for and knowledge of the research, the ethics of the high human and professional, the freedom of speech and of the independence of the human mind, a love of beauty and honor to the profession.<\/p>\n<hr \/>\n<p>&nbsp;<\/p>","protected":false},"excerpt":{"rendered":"<p>Departamenti i Let\u00ebrsis\u00eb mir\u00ebpret \u00e7do vit qindra student\u00eb q\u00eb zgjedhin t\u00eb studiojn\u00eb n\u00eb nj\u00ebrin prej programeve t\u00eb cikleve studimore q\u00eb ky departament ofron. Secili \u00ebsht\u00eb i r\u00ebnd\u00ebsish\u00ebm p\u00ebr ne, si student, si individ, si qytetar e profesionist i ardhsh\u00ebm, q\u00eb na ka besuar formimin e vet. Puna jon\u00eb bazohet mbi parime sa bashk\u00ebkohore aq edhe [&hellip;]<\/p>","protected":false},"author":1,"featured_media":0,"parent":14,"menu_order":0,"comment_status":"closed","ping_status":"closed","template":"pages\/departamentet.php","meta":{"footnotes":""},"class_list":["post-24","page","type-page","status-publish","hentry"],"acf":[],"_links":{"self":[{"href":"https:\/\/fhf.edu.al\/en\/wp-json\/wp\/v2\/pages\/24","targetHints":{"allow":["GET"]}}],"collection":[{"href":"https:\/\/fhf.edu.al\/en\/wp-json\/wp\/v2\/pages"}],"about":[{"href":"https:\/\/fhf.edu.al\/en\/wp-json\/wp\/v2\/types\/page"}],"author":[{"embeddable":true,"href":"https:\/\/fhf.edu.al\/en\/wp-json\/wp\/v2\/users\/1"}],"replies":[{"embeddable":true,"href":"https:\/\/fhf.edu.al\/en\/wp-json\/wp\/v2\/comments?post=24"}],"version-history":[{"count":13,"href":"https:\/\/fhf.edu.al\/en\/wp-json\/wp\/v2\/pages\/24\/revisions"}],"predecessor-version":[{"id":2599,"href":"https:\/\/fhf.edu.al\/en\/wp-json\/wp\/v2\/pages\/24\/revisions\/2599"}],"up":[{"embeddable":true,"href":"https:\/\/fhf.edu.al\/en\/wp-json\/wp\/v2\/pages\/14"}],"wp:attachment":[{"href":"https:\/\/fhf.edu.al\/en\/wp-json\/wp\/v2\/media?parent=24"}],"curies":[{"name":"wp","href":"https:\/\/api.w.org\/{rel}","templated":true}]}}