{"id":22,"date":"2024-11-18T08:11:33","date_gmt":"2024-11-18T08:11:33","guid":{"rendered":"http:\/\/localhost\/fhf\/?page_id=22"},"modified":"2026-03-31T10:36:32","modified_gmt":"2026-03-31T10:36:32","slug":"departamenti-i-historise","status":"publish","type":"page","link":"https:\/\/fhf.edu.al\/en\/departamentet\/departamenti-i-historise\/","title":{"rendered":"Department of History"},"content":{"rendered":"<hr \/>\n<p><strong>Department of History<\/strong> i ka fillesat e tij q\u00eb me themelimin e Fakultetit t\u00eb Historis\u00eb dhe Filologjis\u00eb n\u00eb vitin 1957. N\u00eb at\u00eb periudh\u00eb, ai funksiononte i organizuar n\u00eb dy katedra: <strong>Katedra e Historis\u00eb s\u00eb Shqip\u00ebris\u00eb<\/strong> and <strong>Katedra e Historis\u00eb s\u00eb P\u00ebrgjithshme<\/strong>, t\u00eb cilat, s\u00eb bashku me <strong>Katedr\u00ebn e Gjeografis\u00eb,<\/strong> p\u00ebrb\u00ebnin <strong>deg\u00ebn Histori\u2013Gjeografi<\/strong>. N\u00eb zhvillimin dhe konsolidimin e k\u00ebtyre katedrave kontribuan ndjesh\u00ebm profesor\u00eb t\u00eb shquar, t\u00eb cil\u00ebt, p\u00ebrmes nj\u00eb pune shum\u00ebvje\u00e7are dhe t\u00eb p\u00ebrkushtuar, krijuan nj\u00eb tradit\u00eb t\u00eb pasur akademike q\u00eb sh\u00ebrbeu si baz\u00eb e r\u00ebnd\u00ebsishme p\u00ebr brezat pasardh\u00ebs t\u00eb pedagog\u00ebve. Nd\u00ebr ta p\u00ebrmenden Aleks Buda, Todi Dhamo, Mentor Belegu, Drita Mehmeti, Hysni Myzyri etj. N\u00eb vitin 1982 u realizua ndarja e deg\u00ebs Histori\u2013Gjeografi n\u00eb dy deg\u00eb t\u00eb ve\u00e7anta: <strong>Histori me elemente t\u00eb gjeografis\u00eb<\/strong> and <strong>Gjeografi me elemente t\u00eb historis\u00eb<\/strong>.<\/p>\n<p>Ndryshimet politike dhe transformimet social-ekonomike t\u00eb fillimit t\u00eb viteve 1990 krijuan kushtet p\u00ebr reformimin e m\u00ebtejsh\u00ebm t\u00eb struktur\u00ebs akademike, duke \u00e7uar n\u00eb <strong>krijimin e Departamentit t\u00eb Historis\u00eb <\/strong>si nj\u00ebsi m\u00eb vete. N\u00eb k\u00ebt\u00eb kontekst, u zgjeruan ndjesh\u00ebm kontaktet me literatur\u00ebn dhe metodologjit\u00eb per\u00ebndimore, u intensifikua bashk\u00ebpunimi me studiues t\u00eb huaj dhe u rrit pjes\u00ebmarrja e student\u00ebve dhe studiuesve shqiptar\u00eb n\u00eb universitete nd\u00ebrkomb\u00ebtare. Paralelisht, u organizuan trajnime, konferenca dhe projekte t\u00eb p\u00ebrbashk\u00ebta k\u00ebrkimore, t\u00eb cilat kontribuan n\u00eb rritjen e cil\u00ebsis\u00eb s\u00eb formimit dhe n\u00eb kualifikimin e stafit akademik.<\/p>\n<p>Programet e studimit t\u00eb ofruara nga Departamenti i Historis\u00eb n\u00eb Fakultetin e Historis\u00eb dhe t\u00eb Filologjis\u00eb synojn\u00eb t\u00eb kontribuojn\u00eb n\u00eb rritjen e standardeve demokratike dhe qytetare t\u00eb shoq\u00ebris\u00eb, si dhe n\u00eb p\u00ebrgatitjen e t\u00eb rinjve p\u00ebr nj\u00eb realitet bashk\u00ebkohor, duke i formuar ata si bart\u00ebs dhe mbrojt\u00ebs t\u00eb vlerave kulturore komb\u00ebtare. K\u00ebto programe jan\u00eb hartuar dhe p\u00ebrdit\u00ebsuar n\u00eb p\u00ebrputhje me zhvillimet n\u00eb arsimin e lart\u00eb dhe at\u00eb parauniversitar, me reformat institucionale n\u00eb vend, si dhe me proceset e integrimit evropian. Theksi vihet n\u00eb harmonizimin me legjislacionin aktual t\u00eb arsimit t\u00eb lart\u00eb dhe n\u00eb p\u00ebrshtatjen me k\u00ebrkesat e tregut t\u00eb pun\u00ebs p\u00ebr specialist\u00eb n\u00eb fushat q\u00eb mbulon Departamenti i Historis\u00eb.<\/p>\n<p>Programet e studimit n\u00eb k\u00ebt\u00eb departament kan\u00eb karakter shum\u00ebdimensional dhe synojn\u00eb t\u00eb p\u00ebrgatisin student\u00ebt si p\u00ebr karrier\u00eb k\u00ebrkimore-shkencore, ashtu edhe p\u00ebr angazhime profesionale n\u00eb institucione publike dhe private. T\u00eb diplomuarit mund t\u00eb pun\u00ebsohen n\u00eb institucione akademike dhe k\u00ebrkimore, si Akademia e Shkencave, institucionet e arsimit t\u00eb lart\u00eb, Instituti i Studimit t\u00eb Krimeve dhe Pasojave t\u00eb Komunizmit, Autoriteti p\u00ebr Informimin mbi Dokumentet e ish-Sigurimit t\u00eb Shtetit, Arkivi Qendror i Shtetit, si dhe n\u00eb ministri, bashki dhe organizata t\u00eb shoq\u00ebris\u00eb civile. Gjithashtu, ata mund t\u00eb kontribuojn\u00eb n\u00eb projekte t\u00eb financuara nga Bashkimi Evropian dhe donator\u00eb nd\u00ebrkomb\u00ebtar\u00eb, n\u00eb kuad\u00ebr t\u00eb zhvillimit dhe bashk\u00ebpunimit rajonal dhe nd\u00ebrkomb\u00ebtar.<\/p>\n<p><strong>Department of History<\/strong> ofron programe studimi n\u00eb t\u00eb tre ciklet:<\/p>\n<p><strong>1-Cikli Par\u00eb :<\/strong><\/p>\n<p>&#8211; Bachelor n\u00eb Histori<\/p>\n<p>&#8211; Bachelor n\u00eb Studime Nd\u00ebrkomb\u00ebtare<\/p>\n<p><strong>2-Cikli Dyt\u00eb :<\/strong><\/p>\n<p>&#8211; Master Shkencor n\u00eb Histori<\/p>\n<p>&#8211; Master Shkencor n\u00eb Marr\u00ebdh\u00ebnie Nd\u00ebrkomb\u00ebtare<\/p>\n<p>&#8211; Master Profesional n\u00eb M\u00ebsuesi<\/p>\n<p>&#8211; Master Profesional n\u00eb Arkivistik\u00eb<\/p>\n<p><strong>3-Cikli Tret\u00eb:<\/strong><\/p>\n<p><strong>Doktoratur\u00eb n\u00eb <\/strong><strong>\u201c Shkenca Humane, Albanologjike dhe Gjeografi \u201d : <\/strong><\/p>\n<p>&#8211; N\u00ebnfusha &#8211; Histori<\/p>\n<p>&#8211; N\u00ebnfusha &#8211; Marr\u00ebdh\u00ebnie Nd\u00ebrkomb\u00ebtare<\/p>\n<p>T\u00eb diplomuarit n\u00eb k\u00ebto programe kan\u00eb mund\u00ebsi t\u00eb vazhdojn\u00eb formimin e tyre akademik n\u00eb t\u00eb gjitha ciklet e studimit t\u00eb ofruara nga Departamenti i Historis\u00eb, si dhe n\u00eb institucione t\u00eb tjera t\u00eb arsimit t\u00eb lart\u00eb brenda dhe jasht\u00eb vendit, duke nd\u00ebrtuar nj\u00eb karrier\u00eb t\u00eb q\u00ebndrueshme akademike dhe k\u00ebrkimore.<\/p>\n<hr \/>\n<p><strong><em>\u00a0<\/em><\/strong><\/p>","protected":false},"excerpt":{"rendered":"<p>Departamenti i Historis\u00eb i ka fillesat e tij q\u00eb me themelimin e Fakultetit t\u00eb Historis\u00eb dhe Filologjis\u00eb n\u00eb vitin 1957. N\u00eb at\u00eb periudh\u00eb, ai funksiononte i organizuar n\u00eb dy katedra: Katedra e Historis\u00eb s\u00eb Shqip\u00ebris\u00eb dhe Katedra e Historis\u00eb s\u00eb P\u00ebrgjithshme, t\u00eb cilat, s\u00eb bashku me Katedr\u00ebn e Gjeografis\u00eb, p\u00ebrb\u00ebnin deg\u00ebn Histori\u2013Gjeografi. N\u00eb zhvillimin dhe [&hellip;]<\/p>","protected":false},"author":1,"featured_media":0,"parent":14,"menu_order":0,"comment_status":"closed","ping_status":"closed","template":"pages\/departamentet.php","meta":{"footnotes":""},"class_list":["post-22","page","type-page","status-publish","hentry"],"acf":[],"_links":{"self":[{"href":"https:\/\/fhf.edu.al\/en\/wp-json\/wp\/v2\/pages\/22","targetHints":{"allow":["GET"]}}],"collection":[{"href":"https:\/\/fhf.edu.al\/en\/wp-json\/wp\/v2\/pages"}],"about":[{"href":"https:\/\/fhf.edu.al\/en\/wp-json\/wp\/v2\/types\/page"}],"author":[{"embeddable":true,"href":"https:\/\/fhf.edu.al\/en\/wp-json\/wp\/v2\/users\/1"}],"replies":[{"embeddable":true,"href":"https:\/\/fhf.edu.al\/en\/wp-json\/wp\/v2\/comments?post=22"}],"version-history":[{"count":20,"href":"https:\/\/fhf.edu.al\/en\/wp-json\/wp\/v2\/pages\/22\/revisions"}],"predecessor-version":[{"id":3237,"href":"https:\/\/fhf.edu.al\/en\/wp-json\/wp\/v2\/pages\/22\/revisions\/3237"}],"up":[{"embeddable":true,"href":"https:\/\/fhf.edu.al\/en\/wp-json\/wp\/v2\/pages\/14"}],"wp:attachment":[{"href":"https:\/\/fhf.edu.al\/en\/wp-json\/wp\/v2\/media?parent=22"}],"curies":[{"name":"wp","href":"https:\/\/api.w.org\/{rel}","templated":true}]}}