{"id":20,"date":"2024-11-18T08:11:25","date_gmt":"2024-11-18T08:11:25","guid":{"rendered":"http:\/\/localhost\/fhf\/?page_id=20"},"modified":"2026-01-07T15:08:49","modified_gmt":"2026-01-07T15:08:49","slug":"departamenti-i-gjeografise","status":"publish","type":"page","link":"https:\/\/fhf.edu.al\/en\/departamentet\/departamenti-i-gjeografise\/","title":{"rendered":"Department of Geography"},"content":{"rendered":"<p style=\"text-align: justify;\">Department of Geography, that it has existed since the founding of the Faculty of History and Philology, the most in the year 1959. Its the first of which contribute to the functioning of the it has been a Professor Pandi Geco, Professor Vasil Naco, Professor Mevlan Kabo, etc. This is the schools led the group of cases, the geographical location, which they were a part of the Branch&#039;s History and Geography, which consists of three department (department of Geography, the History of the republic of Albania, and the Story in General). In this regard, the Department of Geography, holds a job, long, growth, and continuous development by creating an experience for the very rich, who has been a support for a lot of good and necessary for the future generations of the people who have attended over the years.<\/p>\n<p style=\"text-align: justify;\">During the course of the years 1960-1985, it was konsoliduan lesson plans and the curriculum was developed in the texts of most of the disciplines in the university, and it was intensifikua the work, the research study.<\/p>\n<p style=\"text-align: justify;\">The changes in the political and socio-economic of the year, in 1990, established the necessary conditions for the reform of geography, and to view geographic albania. It was the potential for contact with the literature, the geographical distribution in the west, there has been an influx of the number of students are foreign, who visit the facilities in the university and in the academic and Albania, as well as to students and scholars of Albanian universities in the west. They began to organize trainings, conferences and projects in the study of the joint, which was the experience in the west, and the kualifikohej the staff of the universities of albania, and the department. In these circumstances, evolved the concept for geography as a science, as a discipline, formation at the level of pre-university education and is one of the branches of the important of education and higher education. It was one the profession of gjeografit, not only as a teacher but also as a scientific researcher, compiler, and the implementation of new projects to be significant on the urban planning, the use of the area, evaluation, and valorizimin, and the sustainable management of the natural and the human, to the benefit of the development of the economy, infrastructure, services, etc.<\/p>\n<p style=\"text-align: justify;\">Research in the arts, it has entered into a new phase, which differs from the recent past, especially in terms of the spirit a practical purpose applications, and utilitarian. Opinion is favorable for albania, is the most specialized, the most obvious, and the more in-depth.<\/p>\n<div class=\"addtoany_share_save_container addtoany_content addtoany_content_bottom\"><\/div>","protected":false},"excerpt":{"rendered":"<p>Katedra e Gjeografis\u00eb q\u00eb ka funksionuar q\u00eb prej themelimit t\u00eb Fakultetit t\u00eb Historis\u00eb dhe t\u00eb Filologjis\u00eb, m\u00eb vitin 1959. Profesor\u00ebt e par\u00eb q\u00eb kan\u00eb kontribuar n\u00eb funksionimin e saj kan\u00eb qen\u00eb Prof. Pandi\u00a0 Geco, Prof. Vasil\u00a0 Naco, Prof. Mevlan\u00a0 Kabo etj. Kjo kated\u00ebr drejtonte grupin e l\u00ebnd\u00ebve gjeografike q\u00eb ishin pjes\u00eb t\u00eb Deg\u00ebs s\u00eb Histori-Gjeografis\u00eb [&hellip;]<\/p>","protected":false},"author":1,"featured_media":0,"parent":14,"menu_order":0,"comment_status":"closed","ping_status":"closed","template":"pages\/departamentet.php","meta":{"footnotes":""},"class_list":["post-20","page","type-page","status-publish","hentry"],"acf":[],"_links":{"self":[{"href":"https:\/\/fhf.edu.al\/en\/wp-json\/wp\/v2\/pages\/20","targetHints":{"allow":["GET"]}}],"collection":[{"href":"https:\/\/fhf.edu.al\/en\/wp-json\/wp\/v2\/pages"}],"about":[{"href":"https:\/\/fhf.edu.al\/en\/wp-json\/wp\/v2\/types\/page"}],"author":[{"embeddable":true,"href":"https:\/\/fhf.edu.al\/en\/wp-json\/wp\/v2\/users\/1"}],"replies":[{"embeddable":true,"href":"https:\/\/fhf.edu.al\/en\/wp-json\/wp\/v2\/comments?post=20"}],"version-history":[{"count":18,"href":"https:\/\/fhf.edu.al\/en\/wp-json\/wp\/v2\/pages\/20\/revisions"}],"predecessor-version":[{"id":2598,"href":"https:\/\/fhf.edu.al\/en\/wp-json\/wp\/v2\/pages\/20\/revisions\/2598"}],"up":[{"embeddable":true,"href":"https:\/\/fhf.edu.al\/en\/wp-json\/wp\/v2\/pages\/14"}],"wp:attachment":[{"href":"https:\/\/fhf.edu.al\/en\/wp-json\/wp\/v2\/media?parent=20"}],"curies":[{"name":"wp","href":"https:\/\/api.w.org\/{rel}","templated":true}]}}