{"id":18,"date":"2024-11-18T08:11:16","date_gmt":"2024-11-18T08:11:16","guid":{"rendered":"http:\/\/localhost\/fhf\/?page_id=18"},"modified":"2026-01-06T12:45:12","modified_gmt":"2026-01-06T12:45:12","slug":"departamenti-i-gazetarise-dhe-i-komunikimit","status":"publish","type":"page","link":"https:\/\/fhf.edu.al\/en\/departamentet\/departamenti-i-gazetarise-dhe-i-komunikimit\/","title":{"rendered":"Department of Journalism and Communication"},"content":{"rendered":"<hr \/>\n<p style=\"text-align: justify;\">The first level of studies (Bachelor&#039;s degrees) is oriented to the professions of journalism in the mass media, such as newspapers, radio, and television, but also in the media of the konverguara the news online as well as in the field of new social media and the platforms and the web. <a href=\"https:\/\/drive.google.com\/file\/d\/1FJRET2UOpSUP5exLsqJgTfQ7k_QDFGQo\/view?usp=sharingpdf\" target=\"_blank\" rel=\"noopener\"><em>(The Regulations First)<\/em><\/a><\/p>\n<p style=\"text-align: justify;\">The second level of study (Master of Science) is oriented towards the occupation of the demand in the market as well as a media, a specialist in advertising and in the media and on the website, a specialist in relations with the general public, or by the management of the communication, cross-cultural, and mediator of conflicts and crisis.<br \/>\nIn addition, in October 2021, in partnership with the Leicester Media School, De Montfort University, Uk, starts in the Master of Professional Journalism, Investigative project funded by USAID and the us Embassy in the Uk in our country.<\/p>\n<p style=\"text-align: justify;\">In the third cycle studies (Phd) are offered in two main directions of study: Communication and access to information, Communication, and information are great.<\/p>\n<hr \/>\n<p style=\"text-align: justify;\">","protected":false},"excerpt":{"rendered":"<p>Niveli i par\u00eb i studimeve (Bachelor) orientohet drejt profesioneve t\u00eb gazetaris\u00eb n\u00eb mediat masive, si\u00e7 jan\u00eb shtypi, radio dhe televizioni, por edhe n\u00eb mediat e konverguara t\u00eb lajmit online si dhe n\u00eb profesionet e reja n\u00eb mediat sociale dhe n\u00eb platformat e uebit. (Rregullore Bachelor) Niveli i dyt\u00eb i studimeve (Master i Shkencave) orientohet drejt [&hellip;]<\/p>","protected":false},"author":1,"featured_media":0,"parent":14,"menu_order":0,"comment_status":"closed","ping_status":"closed","template":"pages\/departamentet.php","meta":{"footnotes":""},"class_list":["post-18","page","type-page","status-publish","hentry"],"acf":[],"_links":{"self":[{"href":"https:\/\/fhf.edu.al\/en\/wp-json\/wp\/v2\/pages\/18","targetHints":{"allow":["GET"]}}],"collection":[{"href":"https:\/\/fhf.edu.al\/en\/wp-json\/wp\/v2\/pages"}],"about":[{"href":"https:\/\/fhf.edu.al\/en\/wp-json\/wp\/v2\/types\/page"}],"author":[{"embeddable":true,"href":"https:\/\/fhf.edu.al\/en\/wp-json\/wp\/v2\/users\/1"}],"replies":[{"embeddable":true,"href":"https:\/\/fhf.edu.al\/en\/wp-json\/wp\/v2\/comments?post=18"}],"version-history":[{"count":23,"href":"https:\/\/fhf.edu.al\/en\/wp-json\/wp\/v2\/pages\/18\/revisions"}],"predecessor-version":[{"id":2584,"href":"https:\/\/fhf.edu.al\/en\/wp-json\/wp\/v2\/pages\/18\/revisions\/2584"}],"up":[{"embeddable":true,"href":"https:\/\/fhf.edu.al\/en\/wp-json\/wp\/v2\/pages\/14"}],"wp:attachment":[{"href":"https:\/\/fhf.edu.al\/en\/wp-json\/wp\/v2\/media?parent=18"}],"curies":[{"name":"wp","href":"https:\/\/api.w.org\/{rel}","templated":true}]}}