{"id":16,"date":"2024-11-18T08:11:07","date_gmt":"2024-11-18T08:11:07","guid":{"rendered":"http:\/\/localhost\/fhf\/?page_id=16"},"modified":"2026-01-15T09:38:22","modified_gmt":"2026-01-15T09:38:22","slug":"departamenti-i-arkeologjise-dhe-trashegimise-kulturore","status":"publish","type":"page","link":"https:\/\/fhf.edu.al\/en\/departamentet\/departamenti-i-arkeologjise-dhe-trashegimise-kulturore\/","title":{"rendered":"Department of Archaeology and Cultural Heritage"},"content":{"rendered":"<hr \/>\n<p style=\"text-align: justify;\">DATK offers six programmes for all three cycles of the study. Program in basic <strong>Bachelor&#039;s degrees in Archaeology and Cultural Heritage<\/strong> designed with a two-way Archaeology and Cultural Heritage, one of which the primary and the other secondary.<\/p>\n<p style=\"text-align: justify;\">In the second cycle of the study are provided in the program <strong>Master Of Professional<\/strong> to <em>Tourist Guides<\/em>, <strong>Master of Science<\/strong> in <em>Archaeology<\/em> and <strong>Master of Science<\/strong> in <em>Cultural Heritage.<\/em><\/p>\n<p style=\"text-align: justify;\">The third cycle is represented by the <strong>School Doctoral<\/strong> in <em>Archaeology<\/em> and it&#039;s on <em>Cultural Heritage.<\/em><\/p>\n<hr \/>\n<div class=\"entry clearfix\"><\/div>\n<p>&nbsp;<\/p>\n<p>&nbsp;<\/p>","protected":false},"excerpt":{"rendered":"<p>DATK ofron gjasht\u00eb programe p\u00ebr t\u00eb tria ciklet e studimit. Programi baz\u00eb \u00ebsht\u00eb Bachelor n\u00eb Arkeologji dhe Trash\u00ebgimi Kulturore i konceptuar me dy drejtime Arkeologji dhe Trash\u00ebgimi Kulturore, nj\u00ebri prej t\u00eb cil\u00ebve kryesor dhe tjetri dyt\u00ebsor. N\u00eb ciklin e dyt\u00eb t\u00eb studimit, ofrohen programi Master Profesional p\u00ebr Guida Turistike, Master i Shkencave n\u00eb Arkeologji dhe [&hellip;]<\/p>","protected":false},"author":1,"featured_media":0,"parent":14,"menu_order":0,"comment_status":"closed","ping_status":"closed","template":"pages\/departamentet.php","meta":{"footnotes":""},"class_list":["post-16","page","type-page","status-publish","hentry"],"acf":[],"_links":{"self":[{"href":"https:\/\/fhf.edu.al\/en\/wp-json\/wp\/v2\/pages\/16","targetHints":{"allow":["GET"]}}],"collection":[{"href":"https:\/\/fhf.edu.al\/en\/wp-json\/wp\/v2\/pages"}],"about":[{"href":"https:\/\/fhf.edu.al\/en\/wp-json\/wp\/v2\/types\/page"}],"author":[{"embeddable":true,"href":"https:\/\/fhf.edu.al\/en\/wp-json\/wp\/v2\/users\/1"}],"replies":[{"embeddable":true,"href":"https:\/\/fhf.edu.al\/en\/wp-json\/wp\/v2\/comments?post=16"}],"version-history":[{"count":55,"href":"https:\/\/fhf.edu.al\/en\/wp-json\/wp\/v2\/pages\/16\/revisions"}],"predecessor-version":[{"id":2617,"href":"https:\/\/fhf.edu.al\/en\/wp-json\/wp\/v2\/pages\/16\/revisions\/2617"}],"up":[{"embeddable":true,"href":"https:\/\/fhf.edu.al\/en\/wp-json\/wp\/v2\/pages\/14"}],"wp:attachment":[{"href":"https:\/\/fhf.edu.al\/en\/wp-json\/wp\/v2\/media?parent=16"}],"curies":[{"name":"wp","href":"https:\/\/api.w.org\/{rel}","templated":true}]}}